

 {"id":8877,"date":"2017-05-10T10:55:14","date_gmt":"2017-05-10T10:55:14","guid":{"rendered":"http:\/\/www.isgairporthotel.com\/iletisim\/"},"modified":"2021-11-02T12:30:48","modified_gmt":"2021-11-02T12:30:48","slug":"kontakt","status":"publish","type":"page","link":"https:\/\/isgairporthotel.com\/de\/kontakt\/","title":{"rendered":"Kontakt"},"content":{"rendered":"<div class=\"wpb-content-wrapper\"><p>[vc_row][vc_column]<div class=\"ult-spacer spacer-69e49c6609879\" data-id=\"69e49c6609879\" data-height=\"40\" data-height-mobile=\"40\" data-height-tab=\"40\" data-height-tab-portrait=\"\" data-height-mobile-landscape=\"\" style=\"clear:both;display:block;\"><\/div>[\/vc_column][\/vc_row][vc_row el_class=&#8220;dt-sc-overflow_visible&#8220;][vc_column width=&#8220;1\/3&#8243; css=&#8220;.vc_custom_1554128465562{margin-bottom: 50px !important;}&#8220;]<div class='dt-sc-contact-info type3 '><span class='icon icon-pointer'> <\/span><h6>Adresse<\/h6><p style=\"color: #fff;\">\u0130stanbul Sabiha G\u00f6k\u00e7en Uluslararas\u0131 Havaliman\u0131\n34906 Pendik \/ \u0130stanbul \/ T\u00fcrkiye<\/p><\/div>[\/vc_column][vc_column width=&#8220;1\/3&#8243; css=&#8220;.vc_custom_1554128473209{margin-bottom: 50px !important;}&#8220;]<div class='dt-sc-contact-info type3 '><span class='icon icon-phone2'> <\/span><h6>Telefon<\/h6><p style=\"color: #fff;\">+90 216 588 50 00<\/p>\n<p><b style=\"opacity: 0;\">____________________________ _ ______<\/b><\/div>[\/vc_column][vc_column width=&#8220;1\/3&#8243; css=&#8220;.vc_custom_1554128485364{margin-bottom: 50px !important;}&#8220;]<div class='dt-sc-contact-info type3 '><span class='icon icon-imbox'> <\/span><h6>Email<\/h6><a style=\"color: #fff;\" href=\"mailto:info@isgairporthotel.com\">info@isgairporthotel.com<\/a>\n<b style=\"opacity: 0;\">____________________________ _ ______<\/b><\/div>[\/vc_column][\/vc_row][vc_row full_width=&#8220;stretch_row_content_no_spaces&#8220; parallax=&#8220;content-moving&#8220; parallax_image=&#8220;8515&#8243; parallax_speed_bg=&#8220;2.5&#8243; el_class=&#8220;dt-sc-dark-bg vcr_float_right&#8220; css=&#8220;.vc_custom_1522823967484{background-position: 0 0;background-repeat: repeat !important;}&#8220;][vc_column el_class=&#8220;rs_col_no_btm_space&#8220; offset=&#8220;vc_hidden-sm&#8220;][vc_row_inner content_placement=&#8220;middle&#8220;][vc_column_inner el_class=&#8220;restaurant-contact-bg rs_col-sm-12&#8243; width=&#8220;1\/2&#8243; offset=&#8220;vc_col-lg-6 vc_hidden-lg vc_col-md-12 vc_hidden-md vc_hidden-sm vc_hidden-xs&#8220; css=&#8220;.vc_custom_1635856246310{padding-right: 40px !important;}&#8220;]\n<div class=\"wpcf7 no-js\" id=\"wpcf7-f8949-o1\" lang=\"tr-TR\" dir=\"ltr\" data-wpcf7-id=\"8949\">\n<div class=\"screen-reader-response\"><p role=\"status\" aria-live=\"polite\" aria-atomic=\"true\"><\/p> <ul><\/ul><\/div>\n<form action=\"\/de\/wp-json\/wp\/v2\/pages\/8877#wpcf7-f8949-o1\" method=\"post\" class=\"wpcf7-form init restaurant-contact-form\" aria-label=\"\u0130leti\u015fim Formu\" novalidate=\"novalidate\" data-status=\"init\">\n<fieldset class=\"hidden-fields-container\"><input type=\"hidden\" name=\"_wpcf7\" value=\"8949\" \/><input type=\"hidden\" name=\"_wpcf7_version\" value=\"6.1\" \/><input type=\"hidden\" name=\"_wpcf7_locale\" value=\"tr_TR\" \/><input type=\"hidden\" name=\"_wpcf7_unit_tag\" value=\"wpcf7-f8949-o1\" \/><input type=\"hidden\" name=\"_wpcf7_container_post\" value=\"0\" \/><input type=\"hidden\" name=\"_wpcf7_posted_data_hash\" value=\"\" \/><input type=\"hidden\" name=\"_wpcf7_recaptcha_response\" value=\"\" \/>\n<\/fieldset>\n<h3 style=\"padding-left: 10px;\">Senden Sie uns eine Nachricht\n<\/h3>\n<p>[vc_column width=\"1\/2\" addstyles=\"padding-left: 10px; padding-right:10px;\"]<span class=\"wpcf7-form-control-wrap\" data-name=\"text-884\"><input size=\"40\" maxlength=\"400\" class=\"wpcf7-form-control wpcf7-text wpcf7-validates-as-required\" aria-required=\"true\" aria-invalid=\"false\" placeholder=\"Vorname Familienname\" value=\"\" type=\"text\" name=\"text-884\" \/><\/span>[\/vc_column][vc_column width=\"1\/2\" addstyles=\"padding-left:10px; padding-right:10px;\"]<span class=\"wpcf7-form-control-wrap\" data-name=\"email-388\"><input size=\"40\" maxlength=\"400\" class=\"wpcf7-form-control wpcf7-email wpcf7-validates-as-required wpcf7-text wpcf7-validates-as-email\" aria-required=\"true\" aria-invalid=\"false\" placeholder=\"Email\" value=\"\" type=\"email\" name=\"email-388\" \/><\/span>[\/vc_column]<div class='dt-sc-hr-invisible-xsmall '> <\/div>[vc_column width=\"1\/2\" addstyles=\"padding-left: 10px; padding-right:10px;\"]<span class=\"wpcf7-form-control-wrap\" data-name=\"tel-843\"><input size=\"40\" maxlength=\"400\" class=\"wpcf7-form-control wpcf7-tel wpcf7-text wpcf7-validates-as-tel\" aria-invalid=\"false\" placeholder=\"Telefon\" value=\"\" type=\"tel\" name=\"tel-843\" \/><\/span>[\/vc_column][vc_column width=\"1\/2\" addstyles=\"padding-left:10px; padding-right:10px;\"]<span class=\"wpcf7-form-control-wrap\" data-name=\"text-884\"><input size=\"40\" maxlength=\"400\" class=\"wpcf7-form-control wpcf7-text\" aria-invalid=\"false\" placeholder=\"Gegenstand\" value=\"\" type=\"text\" name=\"text-884\" \/><\/span>[\/vc_column]<div class='dt-sc-hr-invisible-xsmall '> <\/div><div class='dt-sc-clear '> <\/div>[vc_column addstyles=\"padding-left: 10px; padding-right:10px;\"]<span class=\"wpcf7-form-control-wrap\" data-name=\"textarea-183\"><textarea cols=\"40\" rows=\"10\" maxlength=\"2000\" class=\"wpcf7-form-control wpcf7-textarea\" aria-invalid=\"false\" placeholder=\"Botschaft\" name=\"textarea-183\"><\/textarea><\/span><span class=\"wpcf7-form-control-wrap\" data-name=\"acceptance-914\"><span class=\"wpcf7-form-control wpcf7-acceptance\"><span class=\"wpcf7-list-item\"><label><input type=\"checkbox\" name=\"acceptance-914\" value=\"1\" checked=\"checked\" aria-invalid=\"false\" \/><span class=\"wpcf7-list-item-label\"><div style=\"color:white\">Ich best\u00e4tige, dass meine pers\u00f6nlichen Daten im Rahmen der pers\u00f6nlichen Datenfreigabe-Informationen verarbeitet werden, um meine Anfrage bearbeiten zu k\u00f6nnen.<\/div><\/span><\/label><\/span><\/span><\/span><div class='dt-sc-hr-invisible-xsmall '> <\/div><input class=\"wpcf7-form-control wpcf7-submit has-spinner\" type=\"submit\" value=\"Senden\" \/>[\/vc_column]\n<\/p><div class=\"wpcf7-response-output\" aria-hidden=\"true\"><\/div>\n<\/form>\n<\/div>\n[\/vc_column_inner][vc_column_inner el_class=&#8220;rs_col-sm-12 rs_col_no_btm_space&#8220; width=&#8220;1\/2&#8243; offset=&#8220;vc_col-lg-6 vc_col-md-12&#8243;][vc_gmaps link=&#8220;#E-8_JTNDaWZyYW1lJTIwc3JjJTNEJTIyaHR0cHMlM0ElMkYlMkZ3d3cuZ29vZ2xlLmNvbSUyRm1hcHMlMkZlbWJlZCUzRnBiJTNEJTIxMW0xOCUyMTFtMTIlMjExbTMlMjExZDMwMTUuNDI0MTM4OTA4MDc4NSUyMTJkMjkuMzExMTE3MTE1ODM1MzE2JTIxM2Q0MC45MDY0NDUyNzkzMTEzMzUlMjEybTMlMjExZjAlMjEyZjAlMjEzZjAlMjEzbTIlMjExaTEwMjQlMjEyaTc2OCUyMTRmMTMuMSUyMTNtMyUyMTFtMiUyMTFzMHgxNGNhZGEzMjA0MjQ3NmExJTI1M0EweGI5ZGMwNTE0OTNiZWRiZmElMjEyc0lTRyUyQlNhYmloYSUyQkclMjVDMyUyNUI2ayUyNUMzJTI1QTdlbiUyQkFpcnBvcnQlMkJIb3RlbCUyMTVlMCUyMTNtMiUyMTFzZW4lMjEyc3VhJTIxNHYxNTUzODgwOTgxNDQxJTIxNW0yJTIxMXNlbiUyMTJzdWElMjIlMjB3aWR0aCUzRCUyMjYwMCUyMiUyMGhlaWdodCUzRCUyMjQ1MCUyMiUyMGZyYW1lYm9yZGVyJTNEJTIyMCUyMiUyMHN0eWxlJTNEJTIyYm9yZGVyJTNBMCUyMiUyMGFsbG93ZnVsbHNjcmVlbiUzRSUzQyUyRmlmcmFtZSUzRQ==&#8220; size=&#8220;500px&#8220; css=&#8220;.vc_custom_1553880992481{margin-bottom: 0px !important;padding-top: 0px !important;padding-right: 0px !important;padding-bottom: 0px !important;padding-left: 0px !important;}&#8220;][\/vc_column_inner][\/vc_row_inner][\/vc_column][\/vc_row][vc_row full_width=&#8220;stretch_row_content_no_spaces&#8220; parallax=&#8220;content-moving&#8220; parallax_speed_bg=&#8220;2.5&#8243; el_class=&#8220;dt-sc-dark-bg vcr_float_right&#8220;][vc_column offset=&#8220;vc_hidden-sm&#8220;][vc_row_inner][vc_column_inner][vc_single_image image=&#8220;9178&#8243; img_size=&#8220;full&#8220;][\/vc_column_inner][\/vc_row_inner][\/vc_column][\/vc_row][vc_row full_width=&#8220;stretch_row_content_no_spaces&#8220; parallax=&#8220;content-moving&#8220; parallax_image=&#8220;8515&#8243; parallax_speed_bg=&#8220;2.5&#8243; el_class=&#8220;dt-sc-dark-bg vcr_float_right&#8220; el_id=&#8220;tablet-d&#8220;][vc_column el_class=&#8220;rs_col_no_btm_space&#8220; offset=&#8220;vc_hidden-lg vc_hidden-md vc_hidden-xs&#8220;][vc_row_inner content_placement=&#8220;middle&#8220;][vc_column_inner el_class=&#8220;restaurant-contact-bg rs_col-sm-12&#8243; width=&#8220;1\/2&#8243; offset=&#8220;vc_col-lg-6 vc_col-md-12&#8243; css=&#8220;.vc_custom_1522762798822{padding-right: 40px !important;padding-left: 80px !important;}&#8220;]\n<div class=\"wpcf7 no-js\" id=\"wpcf7-f8949-o2\" lang=\"tr-TR\" dir=\"ltr\" data-wpcf7-id=\"8949\">\n<div class=\"screen-reader-response\"><p role=\"status\" aria-live=\"polite\" aria-atomic=\"true\"><\/p> <ul><\/ul><\/div>\n<form action=\"\/de\/wp-json\/wp\/v2\/pages\/8877#wpcf7-f8949-o2\" method=\"post\" class=\"wpcf7-form init restaurant-contact-form\" aria-label=\"\u0130leti\u015fim Formu\" novalidate=\"novalidate\" data-status=\"init\">\n<fieldset class=\"hidden-fields-container\"><input type=\"hidden\" name=\"_wpcf7\" value=\"8949\" \/><input type=\"hidden\" name=\"_wpcf7_version\" value=\"6.1\" \/><input type=\"hidden\" name=\"_wpcf7_locale\" value=\"tr_TR\" \/><input type=\"hidden\" name=\"_wpcf7_unit_tag\" value=\"wpcf7-f8949-o2\" \/><input type=\"hidden\" name=\"_wpcf7_container_post\" value=\"0\" \/><input type=\"hidden\" name=\"_wpcf7_posted_data_hash\" value=\"\" \/><input type=\"hidden\" name=\"_wpcf7_recaptcha_response\" value=\"\" \/>\n<\/fieldset>\n<h3 style=\"padding-left: 10px;\">Senden Sie uns eine Nachricht\n<\/h3>\n<p>[vc_column width=\"1\/2\" addstyles=\"padding-left: 10px; padding-right:10px;\"]<span class=\"wpcf7-form-control-wrap\" data-name=\"text-884\"><input size=\"40\" maxlength=\"400\" class=\"wpcf7-form-control wpcf7-text wpcf7-validates-as-required\" aria-required=\"true\" aria-invalid=\"false\" placeholder=\"Vorname Familienname\" value=\"\" type=\"text\" name=\"text-884\" \/><\/span>[\/vc_column][vc_column width=\"1\/2\" addstyles=\"padding-left:10px; padding-right:10px;\"]<span class=\"wpcf7-form-control-wrap\" data-name=\"email-388\"><input size=\"40\" maxlength=\"400\" class=\"wpcf7-form-control wpcf7-email wpcf7-validates-as-required wpcf7-text wpcf7-validates-as-email\" aria-required=\"true\" aria-invalid=\"false\" placeholder=\"Email\" value=\"\" type=\"email\" name=\"email-388\" \/><\/span>[\/vc_column]<div class='dt-sc-hr-invisible-xsmall '> <\/div>[vc_column width=\"1\/2\" addstyles=\"padding-left: 10px; padding-right:10px;\"]<span class=\"wpcf7-form-control-wrap\" data-name=\"tel-843\"><input size=\"40\" maxlength=\"400\" class=\"wpcf7-form-control wpcf7-tel wpcf7-text wpcf7-validates-as-tel\" aria-invalid=\"false\" placeholder=\"Telefon\" value=\"\" type=\"tel\" name=\"tel-843\" \/><\/span>[\/vc_column][vc_column width=\"1\/2\" addstyles=\"padding-left:10px; padding-right:10px;\"]<span class=\"wpcf7-form-control-wrap\" data-name=\"text-884\"><input size=\"40\" maxlength=\"400\" class=\"wpcf7-form-control wpcf7-text\" aria-invalid=\"false\" placeholder=\"Gegenstand\" value=\"\" type=\"text\" name=\"text-884\" \/><\/span>[\/vc_column]<div class='dt-sc-hr-invisible-xsmall '> <\/div><div class='dt-sc-clear '> <\/div>[vc_column addstyles=\"padding-left: 10px; padding-right:10px;\"]<span class=\"wpcf7-form-control-wrap\" data-name=\"textarea-183\"><textarea cols=\"40\" rows=\"10\" maxlength=\"2000\" class=\"wpcf7-form-control wpcf7-textarea\" aria-invalid=\"false\" placeholder=\"Botschaft\" name=\"textarea-183\"><\/textarea><\/span><span class=\"wpcf7-form-control-wrap\" data-name=\"acceptance-914\"><span class=\"wpcf7-form-control wpcf7-acceptance\"><span class=\"wpcf7-list-item\"><label><input type=\"checkbox\" name=\"acceptance-914\" value=\"1\" checked=\"checked\" aria-invalid=\"false\" \/><span class=\"wpcf7-list-item-label\"><div style=\"color:white\">Ich best\u00e4tige, dass meine pers\u00f6nlichen Daten im Rahmen der pers\u00f6nlichen Datenfreigabe-Informationen verarbeitet werden, um meine Anfrage bearbeiten zu k\u00f6nnen.<\/div><\/span><\/label><\/span><\/span><\/span><div class='dt-sc-hr-invisible-xsmall '> <\/div><input class=\"wpcf7-form-control wpcf7-submit has-spinner\" type=\"submit\" value=\"Senden\" \/>[\/vc_column]\n<\/p><div class=\"wpcf7-response-output\" aria-hidden=\"true\"><\/div>\n<\/form>\n<\/div>\n[\/vc_column_inner][vc_column_inner el_class=&#8220;rs_col-sm-12 rs_col_no_btm_space&#8220; width=&#8220;1\/2&#8243; offset=&#8220;vc_col-lg-6 vc_col-md-12&#8243;][vc_gmaps link=&#8220;#E-8_JTNDaWZyYW1lJTIwc3JjJTNEJTIyaHR0cHMlM0ElMkYlMkZ3d3cuZ29vZ2xlLmNvbSUyRm1hcHMlMkZlbWJlZCUzRnBiJTNEJTIxMW0xOCUyMTFtMTIlMjExbTMlMjExZDMwMTUuNDI0MTM4OTA4MDc4NSUyMTJkMjkuMzExMTE3MTE1ODM1MzE2JTIxM2Q0MC45MDY0NDUyNzkzMTEzMzUlMjEybTMlMjExZjAlMjEyZjAlMjEzZjAlMjEzbTIlMjExaTEwMjQlMjEyaTc2OCUyMTRmMTMuMSUyMTNtMyUyMTFtMiUyMTFzMHgxNGNhZGEzMjA0MjQ3NmExJTI1M0EweGI5ZGMwNTE0OTNiZWRiZmElMjEyc0lTRyUyQlNhYmloYSUyQkclMjVDMyUyNUI2ayUyNUMzJTI1QTdlbiUyQkFpcnBvcnQlMkJIb3RlbCUyMTVlMCUyMTNtMiUyMTFzZW4lMjEyc3VhJTIxNHYxNTUzODgwOTgxNDQxJTIxNW0yJTIxMXNlbiUyMTJzdWElMjIlMjB3aWR0aCUzRCUyMjYwMCUyMiUyMGhlaWdodCUzRCUyMjQ1MCUyMiUyMGZyYW1lYm9yZGVyJTNEJTIyMCUyMiUyMHN0eWxlJTNEJTIyYm9yZGVyJTNBMCUyMiUyMGFsbG93ZnVsbHNjcmVlbiUzRSUzQyUyRmlmcmFtZSUzRQ==&#8220; size=&#8220;500px&#8220; css=&#8220;.vc_custom_1553880998097{margin-bottom: 0px !important;padding-top: 0px !important;padding-right: 0px !important;padding-bottom: 0px !important;padding-left: 0px !important;}&#8220;][\/vc_column_inner][\/vc_row_inner][\/vc_column][\/vc_row][vc_row][vc_column offset=&#8220;vc_hidden-lg vc_hidden-md vc_hidden-sm vc_hidden-xs&#8220;][vc_raw_html]JTNDc3R5bGUlM0UlMEEud3BiX2dtYXBzX3dpZGdldCUyMC53cGJfd3JhcHBlciU3QiUwQXBhZGRpbmclM0EwJTNCJTdEJTBBJTBBJTQwbWVkaWElMjAlMjhtaW4td2lkdGglM0E1MDBweCUyOSUyMGFuZCUyMCUyOG1heC13aWR0aCUzQTEwMjRweCUyOSUyMGFuZCUyMCUyOG9yaWVudGF0aW9uJTNBcG9ydHJhaXQlMjklN0IlMEEucmVzdGF1cmFudC1jb250YWN0LWZvcm0lN0IlMEFmbG9hdCUzQWxlZnQlM0IlN0QlMEElN0QlMEFpbWcudmNfc2luZ2xlX2ltYWdlLWltZy5hdHRhY2htZW50LWZ1bGwlN0IlMEF3aWR0aCUzQSUyMDEwOHZ3JTIwJTIxaW1wb3J0YW50JTNCJTBBJTdEJTBBJTNDJTJGc3R5bGUlM0U=[\/vc_raw_html][\/vc_column][\/vc_row]<\/p>\n<\/div>","protected":false},"excerpt":{"rendered":"<p>[vc_row][vc_column][\/vc_column][\/vc_row][vc_row el_class=&#8220;dt-sc-overflow_visible&#8220;][vc_column width=&#8220;1\/3&#8243; css=&#8220;.vc_custom_1554128465562{margin-bottom: 50px !important;}&#8220;][\/vc_column][vc_column width=&#8220;1\/3&#8243; css=&#8220;.vc_custom_1554128473209{margin-bottom: 50px !important;}&#8220;][\/vc_column][vc_column width=&#8220;1\/3&#8243; css=&#8220;.vc_custom_1554128485364{margin-bottom: 50px !important;}&#8220;][\/vc_column][\/vc_row][vc_row full_width=&#8220;stretch_row_content_no_spaces&#8220; parallax=&#8220;content-moving&#8220; parallax_image=&#8220;8515&#8243; parallax_speed_bg=&#8220;2.5&#8243; el_class=&#8220;dt-sc-dark-bg vcr_float_right&#8220; css=&#8220;.vc_custom_1522823967484{background-position: 0 0;background-repeat: repeat !important;}&#8220;][vc_column el_class=&#8220;rs_col_no_btm_space&#8220; offset=&#8220;vc_hidden-sm&#8220;][vc_row_inner content_placement=&#8220;middle&#8220;][vc_column_inner el_class=&#8220;restaurant-contact-bg rs_col-sm-12&#8243; [&hellip;]<\/p>\n","protected":false},"author":16,"featured_media":0,"parent":0,"menu_order":0,"comment_status":"closed","ping_status":"closed","template":"","meta":{"footnotes":""},"class_list":["post-8877","page","type-page","status-publish","hentry"],"yoast_head":"<!-- This site is optimized with the Yoast SEO plugin v25.3.1 - https:\/\/yoast.com\/wordpress\/plugins\/seo\/ -->\n<title>Kontakt - ISG Airport Hotel<\/title>\n<meta name=\"robots\" content=\"index, follow, max-snippet:-1, max-image-preview:large, max-video-preview:-1\" \/>\n<link rel=\"canonical\" href=\"https:\/\/isgairporthotel.com\/de\/kontakt\/\" \/>\n<meta property=\"og:locale\" content=\"de_DE\" \/>\n<meta property=\"og:type\" content=\"article\" \/>\n<meta property=\"og:title\" content=\"Kontakt - ISG Airport Hotel\" \/>\n<meta property=\"og:description\" content=\"[vc_row][vc_column][\/vc_column][\/vc_row][vc_row el_class=&#8220;dt-sc-overflow_visible&#8220;][vc_column width=&#8220;1\/3&#8243; css=&#8220;.vc_custom_1554128465562{margin-bottom: 50px !important;}&#8220;][\/vc_column][vc_column width=&#8220;1\/3&#8243; css=&#8220;.vc_custom_1554128473209{margin-bottom: 50px !important;}&#8220;][\/vc_column][vc_column width=&#8220;1\/3&#8243; css=&#8220;.vc_custom_1554128485364{margin-bottom: 50px !important;}&#8220;][\/vc_column][\/vc_row][vc_row full_width=&#8220;stretch_row_content_no_spaces&#8220; parallax=&#8220;content-moving&#8220; parallax_image=&#8220;8515&#8243; parallax_speed_bg=&#8220;2.5&#8243; el_class=&#8220;dt-sc-dark-bg vcr_float_right&#8220; css=&#8220;.vc_custom_1522823967484{background-position: 0 0;background-repeat: repeat !important;}&#8220;][vc_column el_class=&#8220;rs_col_no_btm_space&#8220; offset=&#8220;vc_hidden-sm&#8220;][vc_row_inner content_placement=&#8220;middle&#8220;][vc_column_inner el_class=&#8220;restaurant-contact-bg rs_col-sm-12&#8243; [&hellip;]\" \/>\n<meta property=\"og:url\" content=\"https:\/\/isgairporthotel.com\/de\/kontakt\/\" \/>\n<meta property=\"og:site_name\" content=\"ISG Airport Hotel\" \/>\n<meta property=\"article:modified_time\" content=\"2021-11-02T12:30:48+00:00\" \/>\n<meta name=\"twitter:card\" content=\"summary_large_image\" \/>\n<meta name=\"twitter:label1\" content=\"Gesch\u00e4tzte Lesezeit\" \/>\n\t<meta name=\"twitter:data1\" content=\"3\u00a0Minuten\" \/>\n<script type=\"application\/ld+json\" class=\"yoast-schema-graph\">{\"@context\":\"https:\/\/schema.org\",\"@graph\":[{\"@type\":\"WebPage\",\"@id\":\"https:\/\/isgairporthotel.com\/de\/kontakt\/\",\"url\":\"https:\/\/isgairporthotel.com\/de\/kontakt\/\",\"name\":\"Kontakt - ISG Airport Hotel\",\"isPartOf\":{\"@id\":\"https:\/\/isgairporthotel.com\/en\/#website\"},\"datePublished\":\"2017-05-10T10:55:14+00:00\",\"dateModified\":\"2021-11-02T12:30:48+00:00\",\"breadcrumb\":{\"@id\":\"https:\/\/isgairporthotel.com\/de\/kontakt\/#breadcrumb\"},\"inLanguage\":\"de\",\"potentialAction\":[{\"@type\":\"ReadAction\",\"target\":[\"https:\/\/isgairporthotel.com\/de\/kontakt\/\"]}]},{\"@type\":\"BreadcrumbList\",\"@id\":\"https:\/\/isgairporthotel.com\/de\/kontakt\/#breadcrumb\",\"itemListElement\":[{\"@type\":\"ListItem\",\"position\":1,\"name\":\"Home\",\"item\":\"https:\/\/isgairporthotel.com\/de\/\"},{\"@type\":\"ListItem\",\"position\":2,\"name\":\"Kontakt\"}]},{\"@type\":\"WebSite\",\"@id\":\"https:\/\/isgairporthotel.com\/en\/#website\",\"url\":\"https:\/\/isgairporthotel.com\/en\/\",\"name\":\"ISG Airport Hotel\",\"description\":\"\",\"potentialAction\":[{\"@type\":\"SearchAction\",\"target\":{\"@type\":\"EntryPoint\",\"urlTemplate\":\"https:\/\/isgairporthotel.com\/en\/?s={search_term_string}\"},\"query-input\":{\"@type\":\"PropertyValueSpecification\",\"valueRequired\":true,\"valueName\":\"search_term_string\"}}],\"inLanguage\":\"de\"}]}<\/script>\n<!-- \/ Yoast SEO plugin. -->","yoast_head_json":{"title":"Kontakt - ISG Airport Hotel","robots":{"index":"index","follow":"follow","max-snippet":"max-snippet:-1","max-image-preview":"max-image-preview:large","max-video-preview":"max-video-preview:-1"},"canonical":"https:\/\/isgairporthotel.com\/de\/kontakt\/","og_locale":"de_DE","og_type":"article","og_title":"Kontakt - ISG Airport Hotel","og_description":"[vc_row][vc_column][\/vc_column][\/vc_row][vc_row el_class=&#8220;dt-sc-overflow_visible&#8220;][vc_column width=&#8220;1\/3&#8243; css=&#8220;.vc_custom_1554128465562{margin-bottom: 50px !important;}&#8220;][\/vc_column][vc_column width=&#8220;1\/3&#8243; css=&#8220;.vc_custom_1554128473209{margin-bottom: 50px !important;}&#8220;][\/vc_column][vc_column width=&#8220;1\/3&#8243; css=&#8220;.vc_custom_1554128485364{margin-bottom: 50px !important;}&#8220;][\/vc_column][\/vc_row][vc_row full_width=&#8220;stretch_row_content_no_spaces&#8220; parallax=&#8220;content-moving&#8220; parallax_image=&#8220;8515&#8243; parallax_speed_bg=&#8220;2.5&#8243; el_class=&#8220;dt-sc-dark-bg vcr_float_right&#8220; css=&#8220;.vc_custom_1522823967484{background-position: 0 0;background-repeat: repeat !important;}&#8220;][vc_column el_class=&#8220;rs_col_no_btm_space&#8220; offset=&#8220;vc_hidden-sm&#8220;][vc_row_inner content_placement=&#8220;middle&#8220;][vc_column_inner el_class=&#8220;restaurant-contact-bg rs_col-sm-12&#8243; [&hellip;]","og_url":"https:\/\/isgairporthotel.com\/de\/kontakt\/","og_site_name":"ISG Airport Hotel","article_modified_time":"2021-11-02T12:30:48+00:00","twitter_card":"summary_large_image","twitter_misc":{"Gesch\u00e4tzte Lesezeit":"3\u00a0Minuten"},"schema":{"@context":"https:\/\/schema.org","@graph":[{"@type":"WebPage","@id":"https:\/\/isgairporthotel.com\/de\/kontakt\/","url":"https:\/\/isgairporthotel.com\/de\/kontakt\/","name":"Kontakt - ISG Airport Hotel","isPartOf":{"@id":"https:\/\/isgairporthotel.com\/en\/#website"},"datePublished":"2017-05-10T10:55:14+00:00","dateModified":"2021-11-02T12:30:48+00:00","breadcrumb":{"@id":"https:\/\/isgairporthotel.com\/de\/kontakt\/#breadcrumb"},"inLanguage":"de","potentialAction":[{"@type":"ReadAction","target":["https:\/\/isgairporthotel.com\/de\/kontakt\/"]}]},{"@type":"BreadcrumbList","@id":"https:\/\/isgairporthotel.com\/de\/kontakt\/#breadcrumb","itemListElement":[{"@type":"ListItem","position":1,"name":"Home","item":"https:\/\/isgairporthotel.com\/de\/"},{"@type":"ListItem","position":2,"name":"Kontakt"}]},{"@type":"WebSite","@id":"https:\/\/isgairporthotel.com\/en\/#website","url":"https:\/\/isgairporthotel.com\/en\/","name":"ISG Airport Hotel","description":"","potentialAction":[{"@type":"SearchAction","target":{"@type":"EntryPoint","urlTemplate":"https:\/\/isgairporthotel.com\/en\/?s={search_term_string}"},"query-input":{"@type":"PropertyValueSpecification","valueRequired":true,"valueName":"search_term_string"}}],"inLanguage":"de"}]}},"_links":{"self":[{"href":"https:\/\/isgairporthotel.com\/de\/wp-json\/wp\/v2\/pages\/8877","targetHints":{"allow":["GET"]}}],"collection":[{"href":"https:\/\/isgairporthotel.com\/de\/wp-json\/wp\/v2\/pages"}],"about":[{"href":"https:\/\/isgairporthotel.com\/de\/wp-json\/wp\/v2\/types\/page"}],"author":[{"embeddable":true,"href":"https:\/\/isgairporthotel.com\/de\/wp-json\/wp\/v2\/users\/16"}],"replies":[{"embeddable":true,"href":"https:\/\/isgairporthotel.com\/de\/wp-json\/wp\/v2\/comments?post=8877"}],"version-history":[{"count":11,"href":"https:\/\/isgairporthotel.com\/de\/wp-json\/wp\/v2\/pages\/8877\/revisions"}],"predecessor-version":[{"id":11550,"href":"https:\/\/isgairporthotel.com\/de\/wp-json\/wp\/v2\/pages\/8877\/revisions\/11550"}],"wp:attachment":[{"href":"https:\/\/isgairporthotel.com\/de\/wp-json\/wp\/v2\/media?parent=8877"}],"curies":[{"name":"wp","href":"https:\/\/api.w.org\/{rel}","templated":true}]}}