

 {"id":9227,"date":"2019-04-26T11:13:17","date_gmt":"2019-04-26T11:13:17","guid":{"rendered":"http:\/\/www.isgairporthotel.com\/?page_id=9227"},"modified":"2020-09-09T15:16:32","modified_gmt":"2020-09-09T15:16:32","slug":"rechtliche-hinweise","status":"publish","type":"page","link":"https:\/\/isgairporthotel.com\/de\/rechtliche-hinweise\/","title":{"rendered":"Rechtliche Hinweise"},"content":{"rendered":"<div class=\"wpb-content-wrapper\"><p>[vc_row][vc_column][vc_row_inner][vc_column_inner width=&#8220;1\/6&#8243;][\/vc_column_inner][vc_column_inner width=&#8220;2\/3&#8243;][vc_column_text]<\/p>\n<h2 style=\"text-align: center;\"><strong>RECHTLICHE HINWEISE<\/strong><\/h2>\n<p>[\/vc_column_text][vc_column_text]<\/p>\n<h4 style=\"text-align: center;\"><strong>\u00a9 \u0130stanbul Sabiha G\u00f6k\u00e7en Uluslararas\u0131 Havaliman\u0131 Yat\u0131r\u0131m Yap\u0131m ve \u0130\u015fletme A.\u015e (\u201cISG\u201d)<\/strong><\/h4>\n<h4 style=\"text-align: center;\"><strong>\u00a9 SGC Havaliman\u0131 \u0130\u015fletmeleri Ticaret ve Turizm A\u015e (\u201cSGC\u201d)<\/strong><\/h4>\n<p>[\/vc_column_text][vc_column_text]<\/p>\n<h3 style=\"text-align: center;\">Urheberrechtshinweis:<\/h3>\n<p>[\/vc_column_text][vc_column_text]<\/p>\n<p style=\"text-align: center;\">Alle gesch\u00fctzten Urheberrechte, verwandten Schutzrechte, Marken, Handelsnamen, Domainnamen, Daten (einschlie\u00dflich, aber nicht beschr\u00e4nkt auf Text, Bilder, Fotos, Sounds, Logos, Icons und Software, die im Inhalt unserer Website und mobilen Anwendung enthalten sind) Markenrechte, Patentrechte, Patente, Know-how, Modelle, Logos und Designs, Internet-Zugangsrechte, einschlie\u00dflich, aber nicht beschr\u00e4nkt auf alle geistigen und gewerblichen Rechte sind urheberrechtlich gesch\u00fctzt.<\/p>\n<p style=\"text-align: center;\">Keine Dokumente, Bilder, Seiten, Grafiken, Gestaltungselemente oder andere Elemente, die in unserer Website oder mobilen Anwendung gefunden oder mit unserer Website\/mobilen Anwendung verkn\u00fcpft sind, werden teilweise oder vollst\u00e4ndig aus den tempor\u00e4ren Datens\u00e4tzen f\u00fcr die Suchmaschinenverzeichnisse gewonnen werden, d\u00fcrfen nicht kopiert, vervielf\u00e4ltigt, zitiert, ver\u00f6ffentlicht, ver\u00e4ndert, verarbeitet, manipuliert oder im Internet oder auf irgendeine andere Weise genutzt werden. Die Nutzung unserer Website und unserer mobilen Anwendung gew\u00e4hrt den Nutzern keinerlei Rechte an Inhalten. Nur andere Websites k\u00f6nnen alle gesch\u00fctzten und gesch\u00fctzten Rechte auf der Website und in unserer mobilen Anwendung mit der Bedingung, dass die Quelle angegeben wird, ver\u00f6ffentlichen.<\/p>\n<p style=\"text-align: center;\">Gegen Anwender oder Dritte, die die obigen Bedingungen verletzen, werden rechtliche Schritte unternommen.<\/p>\n<p>[\/vc_column_text][\/vc_column_inner][vc_column_inner width=&#8220;1\/6&#8243;][\/vc_column_inner][\/vc_row_inner][\/vc_column][\/vc_row]<\/p>\n<\/div>","protected":false},"excerpt":{"rendered":"<p>[vc_row][vc_column][vc_row_inner][vc_column_inner width=&#8220;1\/6&#8243;][\/vc_column_inner][vc_column_inner width=&#8220;2\/3&#8243;][vc_column_text] RECHTLICHE HINWEISE [\/vc_column_text][vc_column_text] \u00a9 \u0130stanbul Sabiha G\u00f6k\u00e7en Uluslararas\u0131 Havaliman\u0131 Yat\u0131r\u0131m Yap\u0131m ve \u0130\u015fletme A.\u015e (\u201cISG\u201d) \u00a9 SGC Havaliman\u0131 \u0130\u015fletmeleri Ticaret ve Turizm A\u015e (\u201cSGC\u201d) [\/vc_column_text][vc_column_text] Urheberrechtshinweis: [\/vc_column_text][vc_column_text] [&hellip;]<\/p>\n","protected":false},"author":16,"featured_media":0,"parent":0,"menu_order":0,"comment_status":"closed","ping_status":"closed","template":"","meta":{"footnotes":""},"class_list":["post-9227","page","type-page","status-publish","hentry"],"yoast_head":"<!-- This site is optimized with the Yoast SEO plugin v25.3.1 - https:\/\/yoast.com\/wordpress\/plugins\/seo\/ -->\n<title>Rechtliche Hinweise - ISG Airport Hotel<\/title>\n<meta name=\"robots\" content=\"index, follow, max-snippet:-1, max-image-preview:large, max-video-preview:-1\" \/>\n<link rel=\"canonical\" href=\"https:\/\/isgairporthotel.com\/yasal-uyarilar\/\" \/>\n<meta property=\"og:locale\" content=\"de_DE\" \/>\n<meta property=\"og:type\" content=\"article\" \/>\n<meta property=\"og:title\" content=\"Rechtliche Hinweise - ISG Airport Hotel\" \/>\n<meta property=\"og:description\" content=\"[vc_row][vc_column][vc_row_inner][vc_column_inner width=&#8220;1\/6&#8243;][\/vc_column_inner][vc_column_inner width=&#8220;2\/3&#8243;][vc_column_text] RECHTLICHE HINWEISE [\/vc_column_text][vc_column_text] \u00a9 \u0130stanbul Sabiha G\u00f6k\u00e7en Uluslararas\u0131 Havaliman\u0131 Yat\u0131r\u0131m Yap\u0131m ve \u0130\u015fletme A.\u015e (\u201cISG\u201d) \u00a9 SGC Havaliman\u0131 \u0130\u015fletmeleri Ticaret ve Turizm A\u015e (\u201cSGC\u201d) [\/vc_column_text][vc_column_text] Urheberrechtshinweis: [\/vc_column_text][vc_column_text] [&hellip;]\" \/>\n<meta property=\"og:url\" content=\"https:\/\/isgairporthotel.com\/yasal-uyarilar\/\" \/>\n<meta property=\"og:site_name\" content=\"ISG Airport Hotel\" \/>\n<meta property=\"article:modified_time\" content=\"2020-09-09T15:16:32+00:00\" \/>\n<meta name=\"twitter:card\" content=\"summary_large_image\" \/>\n<meta name=\"twitter:label1\" content=\"Gesch\u00e4tzte Lesezeit\" \/>\n\t<meta name=\"twitter:data1\" content=\"1\u00a0Minute\" \/>\n<script type=\"application\/ld+json\" class=\"yoast-schema-graph\">{\"@context\":\"https:\/\/schema.org\",\"@graph\":[{\"@type\":\"WebPage\",\"@id\":\"https:\/\/isgairporthotel.com\/yasal-uyarilar\/\",\"url\":\"https:\/\/isgairporthotel.com\/yasal-uyarilar\/\",\"name\":\"Rechtliche Hinweise - ISG Airport Hotel\",\"isPartOf\":{\"@id\":\"https:\/\/isgairporthotel.com\/en\/#website\"},\"datePublished\":\"2019-04-26T11:13:17+00:00\",\"dateModified\":\"2020-09-09T15:16:32+00:00\",\"breadcrumb\":{\"@id\":\"https:\/\/isgairporthotel.com\/yasal-uyarilar\/#breadcrumb\"},\"inLanguage\":\"de\",\"potentialAction\":[{\"@type\":\"ReadAction\",\"target\":[\"https:\/\/isgairporthotel.com\/yasal-uyarilar\/\"]}]},{\"@type\":\"BreadcrumbList\",\"@id\":\"https:\/\/isgairporthotel.com\/yasal-uyarilar\/#breadcrumb\",\"itemListElement\":[{\"@type\":\"ListItem\",\"position\":1,\"name\":\"Home\",\"item\":\"https:\/\/isgairporthotel.com\/de\/\"},{\"@type\":\"ListItem\",\"position\":2,\"name\":\"Rechtliche Hinweise\"}]},{\"@type\":\"WebSite\",\"@id\":\"https:\/\/isgairporthotel.com\/en\/#website\",\"url\":\"https:\/\/isgairporthotel.com\/en\/\",\"name\":\"ISG Airport Hotel\",\"description\":\"\",\"potentialAction\":[{\"@type\":\"SearchAction\",\"target\":{\"@type\":\"EntryPoint\",\"urlTemplate\":\"https:\/\/isgairporthotel.com\/en\/?s={search_term_string}\"},\"query-input\":{\"@type\":\"PropertyValueSpecification\",\"valueRequired\":true,\"valueName\":\"search_term_string\"}}],\"inLanguage\":\"de\"}]}<\/script>\n<!-- \/ Yoast SEO plugin. -->","yoast_head_json":{"title":"Rechtliche Hinweise - ISG Airport Hotel","robots":{"index":"index","follow":"follow","max-snippet":"max-snippet:-1","max-image-preview":"max-image-preview:large","max-video-preview":"max-video-preview:-1"},"canonical":"https:\/\/isgairporthotel.com\/yasal-uyarilar\/","og_locale":"de_DE","og_type":"article","og_title":"Rechtliche Hinweise - ISG Airport Hotel","og_description":"[vc_row][vc_column][vc_row_inner][vc_column_inner width=&#8220;1\/6&#8243;][\/vc_column_inner][vc_column_inner width=&#8220;2\/3&#8243;][vc_column_text] RECHTLICHE HINWEISE [\/vc_column_text][vc_column_text] \u00a9 \u0130stanbul Sabiha G\u00f6k\u00e7en Uluslararas\u0131 Havaliman\u0131 Yat\u0131r\u0131m Yap\u0131m ve \u0130\u015fletme A.\u015e (\u201cISG\u201d) \u00a9 SGC Havaliman\u0131 \u0130\u015fletmeleri Ticaret ve Turizm A\u015e (\u201cSGC\u201d) [\/vc_column_text][vc_column_text] Urheberrechtshinweis: [\/vc_column_text][vc_column_text] [&hellip;]","og_url":"https:\/\/isgairporthotel.com\/yasal-uyarilar\/","og_site_name":"ISG Airport Hotel","article_modified_time":"2020-09-09T15:16:32+00:00","twitter_card":"summary_large_image","twitter_misc":{"Gesch\u00e4tzte Lesezeit":"1\u00a0Minute"},"schema":{"@context":"https:\/\/schema.org","@graph":[{"@type":"WebPage","@id":"https:\/\/isgairporthotel.com\/yasal-uyarilar\/","url":"https:\/\/isgairporthotel.com\/yasal-uyarilar\/","name":"Rechtliche Hinweise - ISG Airport Hotel","isPartOf":{"@id":"https:\/\/isgairporthotel.com\/en\/#website"},"datePublished":"2019-04-26T11:13:17+00:00","dateModified":"2020-09-09T15:16:32+00:00","breadcrumb":{"@id":"https:\/\/isgairporthotel.com\/yasal-uyarilar\/#breadcrumb"},"inLanguage":"de","potentialAction":[{"@type":"ReadAction","target":["https:\/\/isgairporthotel.com\/yasal-uyarilar\/"]}]},{"@type":"BreadcrumbList","@id":"https:\/\/isgairporthotel.com\/yasal-uyarilar\/#breadcrumb","itemListElement":[{"@type":"ListItem","position":1,"name":"Home","item":"https:\/\/isgairporthotel.com\/de\/"},{"@type":"ListItem","position":2,"name":"Rechtliche Hinweise"}]},{"@type":"WebSite","@id":"https:\/\/isgairporthotel.com\/en\/#website","url":"https:\/\/isgairporthotel.com\/en\/","name":"ISG Airport Hotel","description":"","potentialAction":[{"@type":"SearchAction","target":{"@type":"EntryPoint","urlTemplate":"https:\/\/isgairporthotel.com\/en\/?s={search_term_string}"},"query-input":{"@type":"PropertyValueSpecification","valueRequired":true,"valueName":"search_term_string"}}],"inLanguage":"de"}]}},"_links":{"self":[{"href":"https:\/\/isgairporthotel.com\/de\/wp-json\/wp\/v2\/pages\/9227","targetHints":{"allow":["GET"]}}],"collection":[{"href":"https:\/\/isgairporthotel.com\/de\/wp-json\/wp\/v2\/pages"}],"about":[{"href":"https:\/\/isgairporthotel.com\/de\/wp-json\/wp\/v2\/types\/page"}],"author":[{"embeddable":true,"href":"https:\/\/isgairporthotel.com\/de\/wp-json\/wp\/v2\/users\/16"}],"replies":[{"embeddable":true,"href":"https:\/\/isgairporthotel.com\/de\/wp-json\/wp\/v2\/comments?post=9227"}],"version-history":[{"count":2,"href":"https:\/\/isgairporthotel.com\/de\/wp-json\/wp\/v2\/pages\/9227\/revisions"}],"predecessor-version":[{"id":11349,"href":"https:\/\/isgairporthotel.com\/de\/wp-json\/wp\/v2\/pages\/9227\/revisions\/11349"}],"wp:attachment":[{"href":"https:\/\/isgairporthotel.com\/de\/wp-json\/wp\/v2\/media?parent=9227"}],"curies":[{"name":"wp","href":"https:\/\/api.w.org\/{rel}","templated":true}]}}