

 {"id":9236,"date":"2019-04-26T11:42:17","date_gmt":"2019-04-26T11:42:17","guid":{"rendered":"http:\/\/www.isgairporthotel.com\/cerez-politikamiz\/"},"modified":"2020-09-09T15:15:09","modified_gmt":"2020-09-09T15:15:09","slug":"unsere-cookie-richtlinie","status":"publish","type":"page","link":"https:\/\/isgairporthotel.com\/de\/unsere-cookie-richtlinie\/","title":{"rendered":"Unsere Cookie-Richtlinie"},"content":{"rendered":"<div class=\"wpb-content-wrapper\"><p>[vc_row][vc_column][vc_row_inner][vc_column_inner width=&#8220;1\/6&#8243;][\/vc_column_inner][vc_column_inner width=&#8220;2\/3&#8243;][vc_column_text]<\/p>\n<h2 style=\"text-align: center;\"><strong>UNSERE COOKIE-RICHTLINIE<\/strong><\/h2>\n<p>[\/vc_column_text][vc_column_text]<\/p>\n<h1>UNSERE POLITIK BEZ\u00dcGLICH COOKIES<\/h1>\n<h2>\u2022 Was sind Cookies?<\/h2>\n<p>Cookies sind kleine Textdateien, die wir verwenden, um Informationen auf unserer Website und in Internetbrowsern zu sammeln, eine Zusammenfassung Ihrer Pr\u00e4ferenzen zu erstellen und die in Ihrem Computer, Ihrem Smartphone oder in ein anderes Ger\u00e4t eingerichtet werden. Zus\u00e4tzlich zu diesen Textdateien werden Software oder andere Labels, die als Identifikatoren fungieren, werden auch als Cookies bezeichnet.<\/p>\n<p>Cookies scannen und organisieren Daten \u00fcber die von Ihnen besuchten Seiten und machen die Website f\u00fcr Sie benutzerfreundlich. All dies schadet Ihrem Ger\u00e4t nicht.<\/p>\n<h3>Zu welchem Zweck werden Cookies verwendet?<\/h3>\n<p>Cookies werden \u00fcblicherweise verwendet, um die Funktionalit\u00e4t der Webseite und der mobilen App vollst\u00e4ndig zu erf\u00fcllen. Auf unserer Internetseite und in unseren mobilen Anwendungen werden Sitzungscookies und permanente Cookies werden verwendet.<\/p>\n<p>Sitzungscookies funktionieren nicht mehr, wenn Sie Ihren Browser ausschalten. Permanente Cookies bleiben f\u00fcr l\u00e4ngere Zeit auf Ihrer Festplatte.<\/p>\n<p>Der Hauptzweck von Cookies besteht darin, Ihre Erfahrung beim Besuch unserer mobilen Anwendung und Website zu verbessern, sie an Sie anpassbar zu machen und Ihnen Vorschl\u00e4ge aus Ihren vorherigen Einstellungen anzubieten.<\/p>\n<p>Cookies werden verwendet, um Ihre Anspr\u00fcche und Probleme zu identifizieren, Ihre Suche zu beschleunigen, Ihre Pr\u00e4ferenzen zu bewahren, Ihr Konto zu verifizieren und Ihr Konto-Login zu bestimmen.<\/p>\n<p>Ebenso verwenden wir Cookies, um Sie beim Navigieren durch die Seiten sicher zu sch\u00fctzen.<\/p>\n<p>Wir verwenden Cookies auch gem\u00e4\u00df Ihrer Zusage, um die Werbung, die wir mit Ihnen teilen, zu verbessern, wenn Sie unsere Website, oder mobilen Apps aufrufen. Wenn Sie beispielsweise zuvor unsere Website besucht und ein Produkt gekauft oder unsere Apps verwendet haben, k\u00f6nnen wir m\u00f6glicherweise mithilfe von Cookies entsprechende Werbeanzeigen an Sie liefern. Wir verwenden Cookies auch, um die Leistung dieser Werbekampagnen zu bemessen. Wir verwenden Cookies auch, um zu z\u00e4hlen, wie oft eine Anzeige oder ein Produktbild angezeigt wird, und Statistiken dar\u00fcber zu erstellen.<\/p>\n<h2>\u2022 Welche Daten werden \u00fcber Cookies nicht gespeichert?<\/h2>\n<p>Ihre sensiblen pers\u00f6nlichen Daten wie Ihre Adresse, Ihr Passwort, Kredit- oder Debitkartendaten werden nicht in Cookies gespeichert.<\/p>\n<h2>\u2022 Wer verwendet die Cookies?<\/h2>\n<p>Die Cookies, die \u00fcber die Internetseite http:\/\/www.isgairporthotel.com erhalten werden, werden von uns, Sabiha G\u00f6k\u00e7en Uluslararas\u0131 Havaliman\u0131 Yat\u0131r\u0131m Yap\u0131m ve \u0130\u015fletme A.\u015e \u201cISG\u201d und SGC Havaliman\u0131 \u0130\u015fletmeleri Ticaret ve Turizm A\u015e \u201cSGC\u201d unvanl\u0131 \u015firketler (sie werden ab jetzt einzeln ISG bzw. SGC, oder zusammen \u2019\u2019Unternehmen\u2019\u2019 genannt) verwendet. Dar\u00fcber hinaus k\u00f6nnen Unternehmen, mit denen wir in Verbindung stehen, unsere H\u00e4ndler, wie unsere Website-Partner, und unsere H\u00e4ndlervertretungen, wie unsere angeschlossenen Agenturen, Handelsvertreter und Handelsvertreter, nutzen.<\/p>\n<h2>\u2022 K\u00f6nnen Dritte Cookies in Verbindung mit unserer Internetseite benutzen?<\/h2>\n<p>Um die Erfahrung der Benutzer unserer Website zu verbessern und weiterzuentwickeln, k\u00f6nnen Dritte Cookies verwenden, die Cookies von Drittanbietern sind, vorausgesetzt, dass wir mit unseren Gesch\u00e4ftspartnern oder externen Organisationen zusammenarbeiten, die nur auf unserer Website ohne Gesch\u00e4ftsverb\u00e4nde werben. Die Informationen, die von \u00fcbrigen Cookies gespeichert werden, werden nur von uns verwendet.<\/p>\n<p>Der Hauptzweck von Cookies von Drittanbietern besteht darin, Zugriffsstatistiken zu erhalten und Zahlungsvorg\u00e4nge zu gew\u00e4hrleisten. Wenn Sie sehen m\u00f6chten, wie diese Cookies verwendet werden, beachten Sie bitte die Grunds\u00e4tze des Cookie-Benutzers.<\/p>\n<h2>\u2022 Cookies Blockieren<\/h2>\n<p>Der Browser-Cache erleichtert Ihnen das Durchsuchen der Dateien, die von den von Ihnen besuchten Websites erstellt werden, und den Cache Ihres Browsers, mit dem Sie Seiten schneller laden k\u00f6nnen.<\/p>\n<p>Wenn Sie den Cache und die Cookies Ihres Browsers l\u00f6schen (z. B. Benutzernamen und Kennw\u00f6rter), laden einige Internetseiten etwas langsamer, da die Website-Einstellungen gel\u00f6scht und alle Bilder neu geladen werden m\u00fcssen.<\/p>\n<p>Wenn Sie keine Cookies erhalten m\u00f6chten, k\u00f6nnen Sie die Einstellungen Ihres Browsers so \u00e4ndern, dass Sie benachrichtigt werden, wenn der Cookie empfangen wird, oder Sie k\u00f6nnen Cookies vollst\u00e4ndig ablehnen. Sie k\u00f6nnen auch Cookies l\u00f6schen, die an Sie gesendet wurden.<\/p>\n<p>Wenn Sie die Internetbrowser-Cookies auf Ihrem Ger\u00e4t blockieren oder beschr\u00e4nken m\u00f6chten, k\u00f6nnen Sie dies \u00fcber Ihre Webbrowser-Einstellungen vornehmen. Die Option &#8222;Hilfe&#8220; in Ihrem Browser enth\u00e4lt Informationen zum Blockieren und Einschr\u00e4nken von Webbrowser-Cookies.<\/p>\n<p>F\u00fcr die am h\u00e4ufigsten verwendeten Browser f\u00fcr Computer-, Android- und iOS-Aktivierungs- und Blockierungsanwendungen k\u00f6nnen Sie die folgenden Methoden verwenden:<\/p>\n<p><a href=\"https:\/\/support.google.com\/chrome\/answer\/95647?co=GENIE.Platform%3DDesktop&amp;hl=tr\">https:\/\/support.google.com\/chrome\/answer\/95647?co=GENIE.Platform%3DDesktop&amp;hl=tr<\/a><br \/>\n<a href=\"https:\/\/support.mozilla.org\/tr\/kb\/%C3%87erezleri%20engellemek\">https:\/\/support.mozilla.org\/tr\/kb\/%C3%87erezleri%20engellemek<\/a><br \/>\n<a href=\"https:\/\/support.microsoft.com\/tr-tr\/help\/17442\/windows-internet-explorer-delete-manage-cookies\">https:\/\/support.microsoft.com\/tr-tr\/help\/17442\/windows-internet-explorer-delete-manage-cookies<\/a><br \/>\nAuf www.aboutcookies.org finden Sie die Informationen, die Sie f\u00fcr die Durchf\u00fchrung dieses Vorgangs auf verschiedenen Desktop-Browsern ben\u00f6tigen.[\/vc_column_text][\/vc_column_inner][vc_column_inner width=&#8220;1\/6&#8243;][\/vc_column_inner][\/vc_row_inner][\/vc_column][\/vc_row]<\/p>\n<\/div>","protected":false},"excerpt":{"rendered":"<p>[vc_row][vc_column][vc_row_inner][vc_column_inner width=&#8220;1\/6&#8243;][\/vc_column_inner][vc_column_inner width=&#8220;2\/3&#8243;][vc_column_text] UNSERE COOKIE-RICHTLINIE [\/vc_column_text][vc_column_text] UNSERE POLITIK BEZ\u00dcGLICH COOKIES \u2022 Was sind Cookies? Cookies sind kleine Textdateien, die wir verwenden, um Informationen auf unserer Website und in Internetbrowsern zu [&hellip;]<\/p>\n","protected":false},"author":16,"featured_media":0,"parent":0,"menu_order":0,"comment_status":"closed","ping_status":"closed","template":"","meta":{"footnotes":""},"class_list":["post-9236","page","type-page","status-publish","hentry"],"yoast_head":"<!-- This site is optimized with the Yoast SEO plugin v25.3.1 - https:\/\/yoast.com\/wordpress\/plugins\/seo\/ -->\n<title>Unsere Cookie-Richtlinie - ISG Airport Hotel<\/title>\n<meta name=\"robots\" content=\"index, follow, max-snippet:-1, max-image-preview:large, max-video-preview:-1\" \/>\n<link rel=\"canonical\" href=\"https:\/\/isgairporthotel.com\/cerez-politikamiz\/\" \/>\n<meta property=\"og:locale\" content=\"de_DE\" \/>\n<meta property=\"og:type\" content=\"article\" \/>\n<meta property=\"og:title\" content=\"Unsere Cookie-Richtlinie - ISG Airport Hotel\" \/>\n<meta property=\"og:description\" content=\"[vc_row][vc_column][vc_row_inner][vc_column_inner width=&#8220;1\/6&#8243;][\/vc_column_inner][vc_column_inner width=&#8220;2\/3&#8243;][vc_column_text] UNSERE COOKIE-RICHTLINIE [\/vc_column_text][vc_column_text] UNSERE POLITIK BEZ\u00dcGLICH COOKIES \u2022 Was sind Cookies? Cookies sind kleine Textdateien, die wir verwenden, um Informationen auf unserer Website und in Internetbrowsern zu [&hellip;]\" \/>\n<meta property=\"og:url\" content=\"https:\/\/isgairporthotel.com\/cerez-politikamiz\/\" \/>\n<meta property=\"og:site_name\" content=\"ISG Airport Hotel\" \/>\n<meta property=\"article:modified_time\" content=\"2020-09-09T15:15:09+00:00\" \/>\n<meta name=\"twitter:card\" content=\"summary_large_image\" \/>\n<meta name=\"twitter:label1\" content=\"Gesch\u00e4tzte Lesezeit\" \/>\n\t<meta name=\"twitter:data1\" content=\"4\u00a0Minuten\" \/>\n<script type=\"application\/ld+json\" class=\"yoast-schema-graph\">{\"@context\":\"https:\/\/schema.org\",\"@graph\":[{\"@type\":\"WebPage\",\"@id\":\"https:\/\/isgairporthotel.com\/cerez-politikamiz\/\",\"url\":\"https:\/\/isgairporthotel.com\/cerez-politikamiz\/\",\"name\":\"Unsere Cookie-Richtlinie - ISG Airport Hotel\",\"isPartOf\":{\"@id\":\"https:\/\/isgairporthotel.com\/en\/#website\"},\"datePublished\":\"2019-04-26T11:42:17+00:00\",\"dateModified\":\"2020-09-09T15:15:09+00:00\",\"breadcrumb\":{\"@id\":\"https:\/\/isgairporthotel.com\/cerez-politikamiz\/#breadcrumb\"},\"inLanguage\":\"de\",\"potentialAction\":[{\"@type\":\"ReadAction\",\"target\":[\"https:\/\/isgairporthotel.com\/cerez-politikamiz\/\"]}]},{\"@type\":\"BreadcrumbList\",\"@id\":\"https:\/\/isgairporthotel.com\/cerez-politikamiz\/#breadcrumb\",\"itemListElement\":[{\"@type\":\"ListItem\",\"position\":1,\"name\":\"Home\",\"item\":\"https:\/\/isgairporthotel.com\/de\/\"},{\"@type\":\"ListItem\",\"position\":2,\"name\":\"Unsere Cookie-Richtlinie\"}]},{\"@type\":\"WebSite\",\"@id\":\"https:\/\/isgairporthotel.com\/en\/#website\",\"url\":\"https:\/\/isgairporthotel.com\/en\/\",\"name\":\"ISG Airport Hotel\",\"description\":\"\",\"potentialAction\":[{\"@type\":\"SearchAction\",\"target\":{\"@type\":\"EntryPoint\",\"urlTemplate\":\"https:\/\/isgairporthotel.com\/en\/?s={search_term_string}\"},\"query-input\":{\"@type\":\"PropertyValueSpecification\",\"valueRequired\":true,\"valueName\":\"search_term_string\"}}],\"inLanguage\":\"de\"}]}<\/script>\n<!-- \/ Yoast SEO plugin. -->","yoast_head_json":{"title":"Unsere Cookie-Richtlinie - ISG Airport Hotel","robots":{"index":"index","follow":"follow","max-snippet":"max-snippet:-1","max-image-preview":"max-image-preview:large","max-video-preview":"max-video-preview:-1"},"canonical":"https:\/\/isgairporthotel.com\/cerez-politikamiz\/","og_locale":"de_DE","og_type":"article","og_title":"Unsere Cookie-Richtlinie - ISG Airport Hotel","og_description":"[vc_row][vc_column][vc_row_inner][vc_column_inner width=&#8220;1\/6&#8243;][\/vc_column_inner][vc_column_inner width=&#8220;2\/3&#8243;][vc_column_text] UNSERE COOKIE-RICHTLINIE [\/vc_column_text][vc_column_text] UNSERE POLITIK BEZ\u00dcGLICH COOKIES \u2022 Was sind Cookies? Cookies sind kleine Textdateien, die wir verwenden, um Informationen auf unserer Website und in Internetbrowsern zu [&hellip;]","og_url":"https:\/\/isgairporthotel.com\/cerez-politikamiz\/","og_site_name":"ISG Airport Hotel","article_modified_time":"2020-09-09T15:15:09+00:00","twitter_card":"summary_large_image","twitter_misc":{"Gesch\u00e4tzte Lesezeit":"4\u00a0Minuten"},"schema":{"@context":"https:\/\/schema.org","@graph":[{"@type":"WebPage","@id":"https:\/\/isgairporthotel.com\/cerez-politikamiz\/","url":"https:\/\/isgairporthotel.com\/cerez-politikamiz\/","name":"Unsere Cookie-Richtlinie - ISG Airport Hotel","isPartOf":{"@id":"https:\/\/isgairporthotel.com\/en\/#website"},"datePublished":"2019-04-26T11:42:17+00:00","dateModified":"2020-09-09T15:15:09+00:00","breadcrumb":{"@id":"https:\/\/isgairporthotel.com\/cerez-politikamiz\/#breadcrumb"},"inLanguage":"de","potentialAction":[{"@type":"ReadAction","target":["https:\/\/isgairporthotel.com\/cerez-politikamiz\/"]}]},{"@type":"BreadcrumbList","@id":"https:\/\/isgairporthotel.com\/cerez-politikamiz\/#breadcrumb","itemListElement":[{"@type":"ListItem","position":1,"name":"Home","item":"https:\/\/isgairporthotel.com\/de\/"},{"@type":"ListItem","position":2,"name":"Unsere Cookie-Richtlinie"}]},{"@type":"WebSite","@id":"https:\/\/isgairporthotel.com\/en\/#website","url":"https:\/\/isgairporthotel.com\/en\/","name":"ISG Airport Hotel","description":"","potentialAction":[{"@type":"SearchAction","target":{"@type":"EntryPoint","urlTemplate":"https:\/\/isgairporthotel.com\/en\/?s={search_term_string}"},"query-input":{"@type":"PropertyValueSpecification","valueRequired":true,"valueName":"search_term_string"}}],"inLanguage":"de"}]}},"_links":{"self":[{"href":"https:\/\/isgairporthotel.com\/de\/wp-json\/wp\/v2\/pages\/9236","targetHints":{"allow":["GET"]}}],"collection":[{"href":"https:\/\/isgairporthotel.com\/de\/wp-json\/wp\/v2\/pages"}],"about":[{"href":"https:\/\/isgairporthotel.com\/de\/wp-json\/wp\/v2\/types\/page"}],"author":[{"embeddable":true,"href":"https:\/\/isgairporthotel.com\/de\/wp-json\/wp\/v2\/users\/16"}],"replies":[{"embeddable":true,"href":"https:\/\/isgairporthotel.com\/de\/wp-json\/wp\/v2\/comments?post=9236"}],"version-history":[{"count":2,"href":"https:\/\/isgairporthotel.com\/de\/wp-json\/wp\/v2\/pages\/9236\/revisions"}],"predecessor-version":[{"id":11345,"href":"https:\/\/isgairporthotel.com\/de\/wp-json\/wp\/v2\/pages\/9236\/revisions\/11345"}],"wp:attachment":[{"href":"https:\/\/isgairporthotel.com\/de\/wp-json\/wp\/v2\/media?parent=9236"}],"curies":[{"name":"wp","href":"https:\/\/api.w.org\/{rel}","templated":true}]}}