

 {"id":9247,"date":"2019-04-26T12:17:52","date_gmt":"2019-04-26T12:17:52","guid":{"rendered":"http:\/\/www.isgairporthotel.com\/gizlilik-taahhudumuz\/"},"modified":"2020-09-09T15:12:02","modified_gmt":"2020-09-09T15:12:02","slug":"unser-datenschutzversprechen-engagement","status":"publish","type":"page","link":"https:\/\/isgairporthotel.com\/de\/unser-datenschutzversprechen-engagement\/","title":{"rendered":"Unser Datenschutzversprechen Engagement"},"content":{"rendered":"<div class=\"wpb-content-wrapper\"><p>[vc_row][vc_column][vc_row_inner][vc_column_inner width=&#8220;1\/6&#8243;][\/vc_column_inner][vc_column_inner width=&#8220;2\/3&#8243;][vc_column_text]<\/p>\n<h2 style=\"text-align: center;\"><strong>UNSER DATENSCHUTZVERSPRECHEN ENGAGEMENT<\/strong><\/h2>\n<p>[\/vc_column_text][vc_column_text]<\/p>\n<div id=\"MainColumn\" class=\"Control_Panel \">\n<div id=\"ContentText\" class=\"Control_ContentText wow fadeIn animated\">\n<p>Wir, \u0130stanbul Sabiha G\u00f6k\u00e7en Uluslararas\u0131 Havaliman\u0131 Yat\u0131r\u0131m Yap\u0131m ve \u0130\u015fletme A\u015e (\u201cISG\u201d) ve SGC Havaliman\u0131 \u0130\u015fletmeleri Ticaret ve Turizm A\u015e (\u201cSGC\u201d) mit den zentralen Registersystemnummern 0481054178000019 bzw. 0481054257100018 mit Sitz unter der Adresse Sanayi Mah. Havaalan\u0131 \u0130\u00e7 Yolu Caddesi Kap\u0131 No:1 \u0130stanbul Sabiha G\u00f6k\u00e7en Uluslararas\u0131 Havaliman\u0131 Terminal Binas\u0131 Y\u00f6netim Kat\u0131 Pendik 34906 \u0130stanbul &#8211; T\u00fcrkei (sie werden ab jetzt einzeln ISG bzw. SGC, oder zusammen \u2019\u2019Unternehmen\u2019\u2019 genannt) nehmen alle von Ihnen, unseren Nutzern (\u2019\u2019Nutzer\u2019\u2019) erhaltenen Informationen als vertraulich an und speichern und behandeln diese gem\u00e4\u00df den rechtlichen Vorschriften, denen wir unterliegen.<\/p>\n<p>Unser Unternehmen verpflichtet sich hiermit, alle vertraulichen Daten, die uns, unserem Personal, Unterh\u00e4ndler und Dritten, die f\u00fcr uns arbeiten;<\/p>\n<p>a) vertraulich zu sch\u00fctzen und nur im Rahmen wie sie f\u00fcr die zu erbringenden Leistungen ben\u00f6tigt wird, zu nutzen,<br \/>\nb) au\u00dfer bei gesetzlichen Verpflichtungen und bei F\u00e4llen, in denen eine Leistung von Au\u00dfen ben\u00f6tigt wird, in keinem Fall weiterzugeben und zu ver\u00f6ffentlichen,<br \/>\nc) direkt oder indirekt nicht f\u00fcr Zwecke au\u00dfer der Handelsbeziehungen mit Ihnen zu nutzen.<\/p>\n<p>Unser Unternehmen akzeptiert und verpflichtet sich, die vertraulichen Informationen des Nutzers nicht nur auf die gleiche Weise zu sch\u00fctzen, wie es beim Schutz seiner vertraulichen Informationen gezeigt hat, sondern diese in jedem Fall nicht unter der handels\u00fcblichen angemessenen Sorgfalt zu behandeln. Das Unternehmen darf diese Informationen nur an ihre Angestellten, an unterstellte Mitarbeiter und an andere Personen weitergeben, die im Bedarfsfall in eigener Verantwortung arbeiten. aber er ist gegen\u00fcber dem Benutzer von seinen Angestellten, Untergebenen und anderen Personen verantwortlich, die in seinem \/ ihrem eigenen Interesse an der Vertraulichkeit der Informationen arbeiten.<\/p>\n<p>Wir garantieren, dass unser Unternehmen seinen Mitarbeitern, unterstellten Mitarbeitern und anderen unter seiner Autorit\u00e4t t\u00e4tigen Personen diesbez\u00fcglich vorwarnt und akzeptiert und verpflichtet sich, dass bei einer Verletzung der Vertraulichkeit unser Unternehmen daf\u00fcr haftbar ist, daher die Verluste des Nutzers, die gerichtlich festgelegt wurden, ohne Verzug zu erstatten.<\/p>\n<h3>Die unten angebebenen Daten gelten nicht als vertraulich:<\/h3>\n<p>a. \u00f6ffentlich bekannte Daten.<br \/>\nb. die vom Nutzer unabh\u00e4ngig erhaltene Informationen und Erfahrungen.<br \/>\nc. Daten, die uns vor der Mitteilung des Nutzers bekannt waren.<br \/>\nd. Informationen, die gem\u00e4\u00df der g\u00fcltigen Gesetzgebung und Verordnungen bzw. aufgrund eines Gerichtsurteils und\/oder verwaltungstechnische Verpflichtung weiterzugeben sind.<\/p>\n<p>Unsere Webseite ist mit fortschrittlichen Kommunikationsprotokollen und Schutzprogrammen ausgestattet, so dass Ihre Daten sicher gespeichert werden und Sie gerne auf unserer Webseite einkaufen k\u00f6nnen. Somit werden Ihre Zahlungsdaten automatisch verschl\u00fcsselt und Ihrer Bank auf diese Weise \u00fcbermittelt.<\/p>\n<p>Wir arbeiten mit Sicherheitsunternehmen zusammen, die im Einklang mit unseren gesetzlichen Verpflichtungen eine erstklassige Zuverl\u00e4ssigkeit auf dem Gebiet des Datenschutzes und der Verschl\u00fcsselung aufweisen, und wir bedienen Sie mit diesen Standards.<\/p>\n<\/div>\n<\/div>\n<p>[\/vc_column_text][\/vc_column_inner][vc_column_inner width=&#8220;1\/6&#8243;][\/vc_column_inner][\/vc_row_inner][\/vc_column][\/vc_row]<\/p>\n<\/div>","protected":false},"excerpt":{"rendered":"<p>[vc_row][vc_column][vc_row_inner][vc_column_inner width=&#8220;1\/6&#8243;][\/vc_column_inner][vc_column_inner width=&#8220;2\/3&#8243;][vc_column_text] UNSER DATENSCHUTZVERSPRECHEN ENGAGEMENT [\/vc_column_text][vc_column_text] Wir, \u0130stanbul Sabiha G\u00f6k\u00e7en Uluslararas\u0131 Havaliman\u0131 Yat\u0131r\u0131m Yap\u0131m ve \u0130\u015fletme A\u015e (\u201cISG\u201d) ve SGC Havaliman\u0131 \u0130\u015fletmeleri Ticaret ve Turizm A\u015e (\u201cSGC\u201d) mit den [&hellip;]<\/p>\n","protected":false},"author":16,"featured_media":0,"parent":0,"menu_order":0,"comment_status":"closed","ping_status":"closed","template":"","meta":{"footnotes":""},"class_list":["post-9247","page","type-page","status-publish","hentry"],"yoast_head":"<!-- This site is optimized with the Yoast SEO plugin v25.3.1 - https:\/\/yoast.com\/wordpress\/plugins\/seo\/ -->\n<title>Unser Datenschutzversprechen Engagement - ISG Airport Hotel<\/title>\n<meta name=\"robots\" content=\"index, follow, max-snippet:-1, max-image-preview:large, max-video-preview:-1\" \/>\n<link rel=\"canonical\" href=\"https:\/\/isgairporthotel.com\/gizlilik-taahhudumuz\/\" \/>\n<meta property=\"og:locale\" content=\"de_DE\" \/>\n<meta property=\"og:type\" content=\"article\" \/>\n<meta property=\"og:title\" content=\"Unser Datenschutzversprechen Engagement - ISG Airport Hotel\" \/>\n<meta property=\"og:description\" content=\"[vc_row][vc_column][vc_row_inner][vc_column_inner width=&#8220;1\/6&#8243;][\/vc_column_inner][vc_column_inner width=&#8220;2\/3&#8243;][vc_column_text] UNSER DATENSCHUTZVERSPRECHEN ENGAGEMENT [\/vc_column_text][vc_column_text] Wir, \u0130stanbul Sabiha G\u00f6k\u00e7en Uluslararas\u0131 Havaliman\u0131 Yat\u0131r\u0131m Yap\u0131m ve \u0130\u015fletme A\u015e (\u201cISG\u201d) ve SGC Havaliman\u0131 \u0130\u015fletmeleri Ticaret ve Turizm A\u015e (\u201cSGC\u201d) mit den [&hellip;]\" \/>\n<meta property=\"og:url\" content=\"https:\/\/isgairporthotel.com\/gizlilik-taahhudumuz\/\" \/>\n<meta property=\"og:site_name\" content=\"ISG Airport Hotel\" \/>\n<meta property=\"article:modified_time\" content=\"2020-09-09T15:12:02+00:00\" \/>\n<meta name=\"twitter:card\" content=\"summary_large_image\" \/>\n<meta name=\"twitter:label1\" content=\"Gesch\u00e4tzte Lesezeit\" \/>\n\t<meta name=\"twitter:data1\" content=\"3\u00a0Minuten\" \/>\n<script type=\"application\/ld+json\" class=\"yoast-schema-graph\">{\"@context\":\"https:\/\/schema.org\",\"@graph\":[{\"@type\":\"WebPage\",\"@id\":\"https:\/\/isgairporthotel.com\/gizlilik-taahhudumuz\/\",\"url\":\"https:\/\/isgairporthotel.com\/gizlilik-taahhudumuz\/\",\"name\":\"Unser Datenschutzversprechen Engagement - ISG Airport Hotel\",\"isPartOf\":{\"@id\":\"https:\/\/isgairporthotel.com\/en\/#website\"},\"datePublished\":\"2019-04-26T12:17:52+00:00\",\"dateModified\":\"2020-09-09T15:12:02+00:00\",\"breadcrumb\":{\"@id\":\"https:\/\/isgairporthotel.com\/gizlilik-taahhudumuz\/#breadcrumb\"},\"inLanguage\":\"de\",\"potentialAction\":[{\"@type\":\"ReadAction\",\"target\":[\"https:\/\/isgairporthotel.com\/gizlilik-taahhudumuz\/\"]}]},{\"@type\":\"BreadcrumbList\",\"@id\":\"https:\/\/isgairporthotel.com\/gizlilik-taahhudumuz\/#breadcrumb\",\"itemListElement\":[{\"@type\":\"ListItem\",\"position\":1,\"name\":\"Home\",\"item\":\"https:\/\/isgairporthotel.com\/de\/\"},{\"@type\":\"ListItem\",\"position\":2,\"name\":\"Unser Datenschutzversprechen Engagement\"}]},{\"@type\":\"WebSite\",\"@id\":\"https:\/\/isgairporthotel.com\/en\/#website\",\"url\":\"https:\/\/isgairporthotel.com\/en\/\",\"name\":\"ISG Airport Hotel\",\"description\":\"\",\"potentialAction\":[{\"@type\":\"SearchAction\",\"target\":{\"@type\":\"EntryPoint\",\"urlTemplate\":\"https:\/\/isgairporthotel.com\/en\/?s={search_term_string}\"},\"query-input\":{\"@type\":\"PropertyValueSpecification\",\"valueRequired\":true,\"valueName\":\"search_term_string\"}}],\"inLanguage\":\"de\"}]}<\/script>\n<!-- \/ Yoast SEO plugin. -->","yoast_head_json":{"title":"Unser Datenschutzversprechen Engagement - ISG Airport Hotel","robots":{"index":"index","follow":"follow","max-snippet":"max-snippet:-1","max-image-preview":"max-image-preview:large","max-video-preview":"max-video-preview:-1"},"canonical":"https:\/\/isgairporthotel.com\/gizlilik-taahhudumuz\/","og_locale":"de_DE","og_type":"article","og_title":"Unser Datenschutzversprechen Engagement - ISG Airport Hotel","og_description":"[vc_row][vc_column][vc_row_inner][vc_column_inner width=&#8220;1\/6&#8243;][\/vc_column_inner][vc_column_inner width=&#8220;2\/3&#8243;][vc_column_text] UNSER DATENSCHUTZVERSPRECHEN ENGAGEMENT [\/vc_column_text][vc_column_text] Wir, \u0130stanbul Sabiha G\u00f6k\u00e7en Uluslararas\u0131 Havaliman\u0131 Yat\u0131r\u0131m Yap\u0131m ve \u0130\u015fletme A\u015e (\u201cISG\u201d) ve SGC Havaliman\u0131 \u0130\u015fletmeleri Ticaret ve Turizm A\u015e (\u201cSGC\u201d) mit den [&hellip;]","og_url":"https:\/\/isgairporthotel.com\/gizlilik-taahhudumuz\/","og_site_name":"ISG Airport Hotel","article_modified_time":"2020-09-09T15:12:02+00:00","twitter_card":"summary_large_image","twitter_misc":{"Gesch\u00e4tzte Lesezeit":"3\u00a0Minuten"},"schema":{"@context":"https:\/\/schema.org","@graph":[{"@type":"WebPage","@id":"https:\/\/isgairporthotel.com\/gizlilik-taahhudumuz\/","url":"https:\/\/isgairporthotel.com\/gizlilik-taahhudumuz\/","name":"Unser Datenschutzversprechen Engagement - ISG Airport Hotel","isPartOf":{"@id":"https:\/\/isgairporthotel.com\/en\/#website"},"datePublished":"2019-04-26T12:17:52+00:00","dateModified":"2020-09-09T15:12:02+00:00","breadcrumb":{"@id":"https:\/\/isgairporthotel.com\/gizlilik-taahhudumuz\/#breadcrumb"},"inLanguage":"de","potentialAction":[{"@type":"ReadAction","target":["https:\/\/isgairporthotel.com\/gizlilik-taahhudumuz\/"]}]},{"@type":"BreadcrumbList","@id":"https:\/\/isgairporthotel.com\/gizlilik-taahhudumuz\/#breadcrumb","itemListElement":[{"@type":"ListItem","position":1,"name":"Home","item":"https:\/\/isgairporthotel.com\/de\/"},{"@type":"ListItem","position":2,"name":"Unser Datenschutzversprechen Engagement"}]},{"@type":"WebSite","@id":"https:\/\/isgairporthotel.com\/en\/#website","url":"https:\/\/isgairporthotel.com\/en\/","name":"ISG Airport Hotel","description":"","potentialAction":[{"@type":"SearchAction","target":{"@type":"EntryPoint","urlTemplate":"https:\/\/isgairporthotel.com\/en\/?s={search_term_string}"},"query-input":{"@type":"PropertyValueSpecification","valueRequired":true,"valueName":"search_term_string"}}],"inLanguage":"de"}]}},"_links":{"self":[{"href":"https:\/\/isgairporthotel.com\/de\/wp-json\/wp\/v2\/pages\/9247","targetHints":{"allow":["GET"]}}],"collection":[{"href":"https:\/\/isgairporthotel.com\/de\/wp-json\/wp\/v2\/pages"}],"about":[{"href":"https:\/\/isgairporthotel.com\/de\/wp-json\/wp\/v2\/types\/page"}],"author":[{"embeddable":true,"href":"https:\/\/isgairporthotel.com\/de\/wp-json\/wp\/v2\/users\/16"}],"replies":[{"embeddable":true,"href":"https:\/\/isgairporthotel.com\/de\/wp-json\/wp\/v2\/comments?post=9247"}],"version-history":[{"count":2,"href":"https:\/\/isgairporthotel.com\/de\/wp-json\/wp\/v2\/pages\/9247\/revisions"}],"predecessor-version":[{"id":11341,"href":"https:\/\/isgairporthotel.com\/de\/wp-json\/wp\/v2\/pages\/9247\/revisions\/11341"}],"wp:attachment":[{"href":"https:\/\/isgairporthotel.com\/de\/wp-json\/wp\/v2\/media?parent=9247"}],"curies":[{"name":"wp","href":"https:\/\/api.w.org\/{rel}","templated":true}]}}