

 {"id":9303,"date":"2019-05-03T07:41:56","date_gmt":"2019-05-03T07:41:56","guid":{"rendered":"http:\/\/www.isgairporthotel.com\/kisisel-veri-koruma-esaslari\/"},"modified":"2019-05-03T08:01:25","modified_gmt":"2019-05-03T08:01:25","slug":"bestaetigung-zur-bearbeitung-persoenlicher-daten","status":"publish","type":"page","link":"https:\/\/isgairporthotel.com\/de\/bestaetigung-zur-bearbeitung-persoenlicher-daten\/","title":{"rendered":"BEST\u00c4TIGUNG ZUR BEARBEITUNG PERS\u00d6NLICHER DATEN"},"content":{"rendered":"<div class=\"wpb-content-wrapper\"><p>[vc_row][vc_column][vc_row_inner][vc_column_inner][vc_column_text]<\/p>\n<h2 style=\"color: #859b8f;\">BEST\u00c4TIGUNG ZUR BEARBEITUNG PERS\u00d6NLICHER DATEN<\/h2>\n<p>[\/vc_column_text][vc_column_text]Ich stimme hiermit zu, dass meine Daten wie Telefonnummer, Adresse, E-Mail und weitere Daten, die ich bei Nutzung und\/oder Anmeldung zu der mobilen Anwendung der ISG bzw. die Internetseite <a href=\"http:\/\/www.sabihagokcen.aero\/yolcu-ve-ziyaretciler\/fasttrack\" target=\"_blank\" rel=\"noopener noreferrer\">http:\/\/www.sabihagokcen.aero\/yolcu-ve-ziyaretciler\/fasttrack<\/a> angegeben habe, zwecks<\/p>\n<ul>\n<li>meiner optimalen Nutzung der Leistungen im Rahmen der Internetseite bzw. der mobilen Anwendung, ,<\/li>\n<li>bei meiner Zusage Erhalt von handelsrechtlichen elektronischen Mitteilungen,<\/li>\n<li>Erhalt von Mitteilungen im Fall einer \u00c4nderung der Nutzungsbedingungen der Internetseite bzw. der mobilen Anwendung,<\/li>\n<li>ordnungsgem\u00e4\u00dfer Ausf\u00fchrung der Leistungen \/ Eink\u00e4ufen,<\/li>\n<li>meiner M\u00f6glichkeit, an Leistungs-\/Artikelauslosungen, Promotion-Aktionen,<\/li>\n<li>Ausf\u00fchrung von Marktforschungen, Produktentwiclungen,<\/li>\n<li>der Bewertung meiner Eignung zu den angebotenen Artikeln und Leistungen<\/li>\n<li>Personalisierung der Internetseite bzw. der mobilen Anwendung je nach meinen pers\u00f6nlichen Pr\u00e4ferenzen,<\/li>\n<li>effektiver Darstellung der Internetseite bzw. der mobilen Anwendung auf meinen Ger\u00e4ten,<\/li>\n<li>Ausf\u00fchrung meiner W\u00fcnsche,<\/li>\n<li>alle \u00fcbrigen F\u00e4lle, damit die Beziehung zwischen mir und dem Unternehmen ordnungsgem\u00e4\u00df hergestellt werden kann,<\/li>\n<\/ul>\n<p>durch Sabiha G\u00f6k\u00e7en Uluslararas\u0131 Havaliman\u0131 Yat\u0131r\u0131m Yap\u0131m ve \u0130\u015fletme A\u015e (\u201cISG\u201d) bzw. LGM Havaliman\u0131 \u0130\u015fletmeleri Ticaret ve Turizm A\u015e (\u201cLGM\u201d) (sie werden ab jetzt einzeln ISG bzw. LGM, oder zusammen \u2019\u2019Unternehmen\u2019\u2019 genannt) bei der Bearbeitung der Internetseite bzw. der mobilen Anwendung, Weitergabe an Unternehmen, Agenturen, Handelsvertreter, Vertriebe der Gruppe, der das Unternehmen geh\u00f6rt, sowie an Dritte unter Vorbehalt, dass dies f\u00fcr die Ausf\u00fchrung der Leistung unbedingt n\u00f6tig ist, benutzt werden k\u00f6nnen, ich vom unternehmen \u00fcber meine Rechte gem\u00e4\u00df Artikel 11 des Gesetzes \u00fcber den Schutz Pers\u00f6nlicher Daten informiert wurde und ich dar\u00fcber informiert bin, dass ich diese Best\u00e4tigung jederzeit \u00fcber die Kontaktinformationen des Unternehmens widerrufen kann.[\/vc_column_text][\/vc_column_inner][\/vc_row_inner][\/vc_column][\/vc_row]<\/p>\n<\/div>","protected":false},"excerpt":{"rendered":"<p>[vc_row][vc_column][vc_row_inner][vc_column_inner][vc_column_text] BEST\u00c4TIGUNG ZUR BEARBEITUNG PERS\u00d6NLICHER DATEN [\/vc_column_text][vc_column_text]Ich stimme hiermit zu, dass meine Daten wie Telefonnummer, Adresse, E-Mail und weitere Daten, die ich bei Nutzung und\/oder Anmeldung zu der mobilen Anwendung [&hellip;]<\/p>\n","protected":false},"author":3,"featured_media":0,"parent":0,"menu_order":0,"comment_status":"closed","ping_status":"closed","template":"","meta":{"footnotes":""},"class_list":["post-9303","page","type-page","status-publish","hentry"],"yoast_head":"<!-- This site is optimized with the Yoast SEO plugin v25.3.1 - https:\/\/yoast.com\/wordpress\/plugins\/seo\/ -->\n<title>BEST\u00c4TIGUNG ZUR BEARBEITUNG PERS\u00d6NLICHER DATEN - ISG Airport Hotel<\/title>\n<meta name=\"robots\" content=\"index, follow, max-snippet:-1, max-image-preview:large, max-video-preview:-1\" \/>\n<link rel=\"canonical\" href=\"https:\/\/isgairporthotel.com\/kisisel-veri-koruma-esaslari\/\" \/>\n<meta property=\"og:locale\" content=\"de_DE\" \/>\n<meta property=\"og:type\" content=\"article\" \/>\n<meta property=\"og:title\" content=\"BEST\u00c4TIGUNG ZUR BEARBEITUNG PERS\u00d6NLICHER DATEN - ISG Airport Hotel\" \/>\n<meta property=\"og:description\" content=\"[vc_row][vc_column][vc_row_inner][vc_column_inner][vc_column_text] BEST\u00c4TIGUNG ZUR BEARBEITUNG PERS\u00d6NLICHER DATEN [\/vc_column_text][vc_column_text]Ich stimme hiermit zu, dass meine Daten wie Telefonnummer, Adresse, E-Mail und weitere Daten, die ich bei Nutzung und\/oder Anmeldung zu der mobilen Anwendung [&hellip;]\" \/>\n<meta property=\"og:url\" content=\"https:\/\/isgairporthotel.com\/kisisel-veri-koruma-esaslari\/\" \/>\n<meta property=\"og:site_name\" content=\"ISG Airport Hotel\" \/>\n<meta property=\"article:modified_time\" content=\"2019-05-03T08:01:25+00:00\" \/>\n<meta name=\"twitter:card\" content=\"summary_large_image\" \/>\n<meta name=\"twitter:label1\" content=\"Gesch\u00e4tzte Lesezeit\" \/>\n\t<meta name=\"twitter:data1\" content=\"2\u00a0Minuten\" \/>\n<script type=\"application\/ld+json\" class=\"yoast-schema-graph\">{\"@context\":\"https:\/\/schema.org\",\"@graph\":[{\"@type\":\"WebPage\",\"@id\":\"https:\/\/isgairporthotel.com\/kisisel-veri-koruma-esaslari\/\",\"url\":\"https:\/\/isgairporthotel.com\/kisisel-veri-koruma-esaslari\/\",\"name\":\"BEST\u00c4TIGUNG ZUR BEARBEITUNG PERS\u00d6NLICHER DATEN - ISG Airport Hotel\",\"isPartOf\":{\"@id\":\"https:\/\/isgairporthotel.com\/en\/#website\"},\"datePublished\":\"2019-05-03T07:41:56+00:00\",\"dateModified\":\"2019-05-03T08:01:25+00:00\",\"breadcrumb\":{\"@id\":\"https:\/\/isgairporthotel.com\/kisisel-veri-koruma-esaslari\/#breadcrumb\"},\"inLanguage\":\"de\",\"potentialAction\":[{\"@type\":\"ReadAction\",\"target\":[\"https:\/\/isgairporthotel.com\/kisisel-veri-koruma-esaslari\/\"]}]},{\"@type\":\"BreadcrumbList\",\"@id\":\"https:\/\/isgairporthotel.com\/kisisel-veri-koruma-esaslari\/#breadcrumb\",\"itemListElement\":[{\"@type\":\"ListItem\",\"position\":1,\"name\":\"Home\",\"item\":\"https:\/\/isgairporthotel.com\/de\/\"},{\"@type\":\"ListItem\",\"position\":2,\"name\":\"BEST\u00c4TIGUNG ZUR BEARBEITUNG PERS\u00d6NLICHER DATEN\"}]},{\"@type\":\"WebSite\",\"@id\":\"https:\/\/isgairporthotel.com\/en\/#website\",\"url\":\"https:\/\/isgairporthotel.com\/en\/\",\"name\":\"ISG Airport Hotel\",\"description\":\"\",\"potentialAction\":[{\"@type\":\"SearchAction\",\"target\":{\"@type\":\"EntryPoint\",\"urlTemplate\":\"https:\/\/isgairporthotel.com\/en\/?s={search_term_string}\"},\"query-input\":{\"@type\":\"PropertyValueSpecification\",\"valueRequired\":true,\"valueName\":\"search_term_string\"}}],\"inLanguage\":\"de\"}]}<\/script>\n<!-- \/ Yoast SEO plugin. -->","yoast_head_json":{"title":"BEST\u00c4TIGUNG ZUR BEARBEITUNG PERS\u00d6NLICHER DATEN - ISG Airport Hotel","robots":{"index":"index","follow":"follow","max-snippet":"max-snippet:-1","max-image-preview":"max-image-preview:large","max-video-preview":"max-video-preview:-1"},"canonical":"https:\/\/isgairporthotel.com\/kisisel-veri-koruma-esaslari\/","og_locale":"de_DE","og_type":"article","og_title":"BEST\u00c4TIGUNG ZUR BEARBEITUNG PERS\u00d6NLICHER DATEN - ISG Airport Hotel","og_description":"[vc_row][vc_column][vc_row_inner][vc_column_inner][vc_column_text] BEST\u00c4TIGUNG ZUR BEARBEITUNG PERS\u00d6NLICHER DATEN [\/vc_column_text][vc_column_text]Ich stimme hiermit zu, dass meine Daten wie Telefonnummer, Adresse, E-Mail und weitere Daten, die ich bei Nutzung und\/oder Anmeldung zu der mobilen Anwendung [&hellip;]","og_url":"https:\/\/isgairporthotel.com\/kisisel-veri-koruma-esaslari\/","og_site_name":"ISG Airport Hotel","article_modified_time":"2019-05-03T08:01:25+00:00","twitter_card":"summary_large_image","twitter_misc":{"Gesch\u00e4tzte Lesezeit":"2\u00a0Minuten"},"schema":{"@context":"https:\/\/schema.org","@graph":[{"@type":"WebPage","@id":"https:\/\/isgairporthotel.com\/kisisel-veri-koruma-esaslari\/","url":"https:\/\/isgairporthotel.com\/kisisel-veri-koruma-esaslari\/","name":"BEST\u00c4TIGUNG ZUR BEARBEITUNG PERS\u00d6NLICHER DATEN - ISG Airport Hotel","isPartOf":{"@id":"https:\/\/isgairporthotel.com\/en\/#website"},"datePublished":"2019-05-03T07:41:56+00:00","dateModified":"2019-05-03T08:01:25+00:00","breadcrumb":{"@id":"https:\/\/isgairporthotel.com\/kisisel-veri-koruma-esaslari\/#breadcrumb"},"inLanguage":"de","potentialAction":[{"@type":"ReadAction","target":["https:\/\/isgairporthotel.com\/kisisel-veri-koruma-esaslari\/"]}]},{"@type":"BreadcrumbList","@id":"https:\/\/isgairporthotel.com\/kisisel-veri-koruma-esaslari\/#breadcrumb","itemListElement":[{"@type":"ListItem","position":1,"name":"Home","item":"https:\/\/isgairporthotel.com\/de\/"},{"@type":"ListItem","position":2,"name":"BEST\u00c4TIGUNG ZUR BEARBEITUNG PERS\u00d6NLICHER DATEN"}]},{"@type":"WebSite","@id":"https:\/\/isgairporthotel.com\/en\/#website","url":"https:\/\/isgairporthotel.com\/en\/","name":"ISG Airport Hotel","description":"","potentialAction":[{"@type":"SearchAction","target":{"@type":"EntryPoint","urlTemplate":"https:\/\/isgairporthotel.com\/en\/?s={search_term_string}"},"query-input":{"@type":"PropertyValueSpecification","valueRequired":true,"valueName":"search_term_string"}}],"inLanguage":"de"}]}},"_links":{"self":[{"href":"https:\/\/isgairporthotel.com\/de\/wp-json\/wp\/v2\/pages\/9303","targetHints":{"allow":["GET"]}}],"collection":[{"href":"https:\/\/isgairporthotel.com\/de\/wp-json\/wp\/v2\/pages"}],"about":[{"href":"https:\/\/isgairporthotel.com\/de\/wp-json\/wp\/v2\/types\/page"}],"author":[{"embeddable":true,"href":"https:\/\/isgairporthotel.com\/de\/wp-json\/wp\/v2\/users\/3"}],"replies":[{"embeddable":true,"href":"https:\/\/isgairporthotel.com\/de\/wp-json\/wp\/v2\/comments?post=9303"}],"version-history":[{"count":2,"href":"https:\/\/isgairporthotel.com\/de\/wp-json\/wp\/v2\/pages\/9303\/revisions"}],"predecessor-version":[{"id":9305,"href":"https:\/\/isgairporthotel.com\/de\/wp-json\/wp\/v2\/pages\/9303\/revisions\/9305"}],"wp:attachment":[{"href":"https:\/\/isgairporthotel.com\/de\/wp-json\/wp\/v2\/media?parent=9303"}],"curies":[{"name":"wp","href":"https:\/\/api.w.org\/{rel}","templated":true}]}}