

 {"id":9225,"date":"2019-04-26T11:13:14","date_gmt":"2019-04-26T11:13:14","guid":{"rendered":"http:\/\/www.isgairporthotel.com\/?page_id=9225"},"modified":"2020-09-09T15:16:17","modified_gmt":"2020-09-09T15:16:17","slug":"legal-notices","status":"publish","type":"page","link":"https:\/\/isgairporthotel.com\/en\/legal-notices\/","title":{"rendered":"Legal Notices"},"content":{"rendered":"<div class=\"wpb-content-wrapper\"><p>[vc_row][vc_column][vc_row_inner][vc_column_inner width=&#8221;1\/6&#8243;][\/vc_column_inner][vc_column_inner width=&#8221;2\/3&#8243;][vc_column_text]<\/p>\n<h2 style=\"text-align: center;\"><strong>LEGAL NOTICES<\/strong><\/h2>\n<p>[\/vc_column_text][vc_column_text]<\/p>\n<h4 style=\"text-align: center;\"><strong>\u00a9 \u0130stanbul Sabiha G\u00f6k\u00e7en Uluslararas\u0131 Havaliman\u0131 Yat\u0131r\u0131m Yap\u0131m ve \u0130\u015fletme A.\u015e (\u201cISG\u201d)<\/strong><\/h4>\n<h4 style=\"text-align: center;\"><strong>\u00a9 SGC Havaliman\u0131 \u0130\u015fletmeleri Ticaret ve Turizm A\u015e (\u201cSGC\u201d)<\/strong><\/h4>\n<p>[\/vc_column_text][vc_column_text]<\/p>\n<h3 style=\"text-align: center;\">Copyright Notice:<\/h3>\n<p>[\/vc_column_text][vc_column_text]<\/p>\n<p style=\"text-align: center;\">All registered or unregistered copyrights or copyrights not subject to registration, neighboring rights, brand, trade name, domain name, database rights, patent, know-how, models, logo and designs including but not limited to texts, pictures, photographs, voices, logos, icons and software within the content of our web sites and mobile applications and all intellectual property rights including but not limited to internet access rights are protected.<\/p>\n<p style=\"text-align: center;\">Even if they are taken from the temporary memory records used for search engines indexes, any document, picture, page, graphic, design factor and any other factor in our web site and mobile application or referred or given its link in our web site\/mobile application cannot be copied partly or completely, moved to any other place, quoted, published on internet or any other manner, changed, processed, falsified or used. The use of our web site and mobile application is not given any right to the users on any content. Only other Web sites can publish all rights involved and protected in our Web Site and mobile application provided that should be shown as SOURCE.<\/p>\n<p style=\"text-align: center;\">It will be begun a legal action against users and third parties who don\u2019t behave in accordance with the conditions above.<\/p>\n<p>[\/vc_column_text][\/vc_column_inner][vc_column_inner width=&#8221;1\/6&#8243;][\/vc_column_inner][\/vc_row_inner][\/vc_column][\/vc_row]<\/p>\n<\/div>","protected":false},"excerpt":{"rendered":"<p>[vc_row][vc_column][vc_row_inner][vc_column_inner width=&#8221;1\/6&#8243;][\/vc_column_inner][vc_column_inner width=&#8221;2\/3&#8243;][vc_column_text] LEGAL NOTICES [\/vc_column_text][vc_column_text] \u00a9 \u0130stanbul Sabiha G\u00f6k\u00e7en Uluslararas\u0131 Havaliman\u0131 Yat\u0131r\u0131m Yap\u0131m ve \u0130\u015fletme A.\u015e (\u201cISG\u201d) \u00a9 SGC Havaliman\u0131 \u0130\u015fletmeleri Ticaret ve Turizm A\u015e (\u201cSGC\u201d) [\/vc_column_text][vc_column_text] Copyright Notice: [&hellip;]<\/p>\n","protected":false},"author":16,"featured_media":0,"parent":0,"menu_order":0,"comment_status":"closed","ping_status":"closed","template":"","meta":{"footnotes":""},"class_list":["post-9225","page","type-page","status-publish","hentry"],"yoast_head":"<!-- This site is optimized with the Yoast SEO plugin v25.3.1 - https:\/\/yoast.com\/wordpress\/plugins\/seo\/ -->\n<title>Legal Notices - ISG Airport Hotel<\/title>\n<meta name=\"robots\" content=\"index, follow, max-snippet:-1, max-image-preview:large, max-video-preview:-1\" \/>\n<link rel=\"canonical\" href=\"https:\/\/isgairporthotel.com\/yasal-uyarilar\/\" \/>\n<meta property=\"og:locale\" content=\"en_US\" \/>\n<meta property=\"og:type\" content=\"article\" \/>\n<meta property=\"og:title\" content=\"Legal Notices - ISG Airport Hotel\" \/>\n<meta property=\"og:description\" content=\"[vc_row][vc_column][vc_row_inner][vc_column_inner width=&#8221;1\/6&#8243;][\/vc_column_inner][vc_column_inner width=&#8221;2\/3&#8243;][vc_column_text] LEGAL NOTICES [\/vc_column_text][vc_column_text] \u00a9 \u0130stanbul Sabiha G\u00f6k\u00e7en Uluslararas\u0131 Havaliman\u0131 Yat\u0131r\u0131m Yap\u0131m ve \u0130\u015fletme A.\u015e (\u201cISG\u201d) \u00a9 SGC Havaliman\u0131 \u0130\u015fletmeleri Ticaret ve Turizm A\u015e (\u201cSGC\u201d) [\/vc_column_text][vc_column_text] Copyright Notice: [&hellip;]\" \/>\n<meta property=\"og:url\" content=\"https:\/\/isgairporthotel.com\/yasal-uyarilar\/\" \/>\n<meta property=\"og:site_name\" content=\"ISG Airport Hotel\" \/>\n<meta property=\"article:modified_time\" content=\"2020-09-09T15:16:17+00:00\" \/>\n<meta name=\"twitter:card\" content=\"summary_large_image\" \/>\n<meta name=\"twitter:label1\" content=\"Est. reading time\" \/>\n\t<meta name=\"twitter:data1\" content=\"1 minute\" \/>\n<script type=\"application\/ld+json\" class=\"yoast-schema-graph\">{\"@context\":\"https:\/\/schema.org\",\"@graph\":[{\"@type\":\"WebPage\",\"@id\":\"https:\/\/isgairporthotel.com\/yasal-uyarilar\/\",\"url\":\"https:\/\/isgairporthotel.com\/yasal-uyarilar\/\",\"name\":\"Legal Notices - ISG Airport Hotel\",\"isPartOf\":{\"@id\":\"https:\/\/isgairporthotel.com\/en\/#website\"},\"datePublished\":\"2019-04-26T11:13:14+00:00\",\"dateModified\":\"2020-09-09T15:16:17+00:00\",\"breadcrumb\":{\"@id\":\"https:\/\/isgairporthotel.com\/yasal-uyarilar\/#breadcrumb\"},\"inLanguage\":\"en-US\",\"potentialAction\":[{\"@type\":\"ReadAction\",\"target\":[\"https:\/\/isgairporthotel.com\/yasal-uyarilar\/\"]}]},{\"@type\":\"BreadcrumbList\",\"@id\":\"https:\/\/isgairporthotel.com\/yasal-uyarilar\/#breadcrumb\",\"itemListElement\":[{\"@type\":\"ListItem\",\"position\":1,\"name\":\"Home\",\"item\":\"https:\/\/isgairporthotel.com\/en\/\"},{\"@type\":\"ListItem\",\"position\":2,\"name\":\"Legal Notices\"}]},{\"@type\":\"WebSite\",\"@id\":\"https:\/\/isgairporthotel.com\/en\/#website\",\"url\":\"https:\/\/isgairporthotel.com\/en\/\",\"name\":\"ISG Airport Hotel\",\"description\":\"\",\"potentialAction\":[{\"@type\":\"SearchAction\",\"target\":{\"@type\":\"EntryPoint\",\"urlTemplate\":\"https:\/\/isgairporthotel.com\/en\/?s={search_term_string}\"},\"query-input\":{\"@type\":\"PropertyValueSpecification\",\"valueRequired\":true,\"valueName\":\"search_term_string\"}}],\"inLanguage\":\"en-US\"}]}<\/script>\n<!-- \/ Yoast SEO plugin. -->","yoast_head_json":{"title":"Legal Notices - ISG Airport Hotel","robots":{"index":"index","follow":"follow","max-snippet":"max-snippet:-1","max-image-preview":"max-image-preview:large","max-video-preview":"max-video-preview:-1"},"canonical":"https:\/\/isgairporthotel.com\/yasal-uyarilar\/","og_locale":"en_US","og_type":"article","og_title":"Legal Notices - ISG Airport Hotel","og_description":"[vc_row][vc_column][vc_row_inner][vc_column_inner width=&#8221;1\/6&#8243;][\/vc_column_inner][vc_column_inner width=&#8221;2\/3&#8243;][vc_column_text] LEGAL NOTICES [\/vc_column_text][vc_column_text] \u00a9 \u0130stanbul Sabiha G\u00f6k\u00e7en Uluslararas\u0131 Havaliman\u0131 Yat\u0131r\u0131m Yap\u0131m ve \u0130\u015fletme A.\u015e (\u201cISG\u201d) \u00a9 SGC Havaliman\u0131 \u0130\u015fletmeleri Ticaret ve Turizm A\u015e (\u201cSGC\u201d) [\/vc_column_text][vc_column_text] Copyright Notice: [&hellip;]","og_url":"https:\/\/isgairporthotel.com\/yasal-uyarilar\/","og_site_name":"ISG Airport Hotel","article_modified_time":"2020-09-09T15:16:17+00:00","twitter_card":"summary_large_image","twitter_misc":{"Est. reading time":"1 minute"},"schema":{"@context":"https:\/\/schema.org","@graph":[{"@type":"WebPage","@id":"https:\/\/isgairporthotel.com\/yasal-uyarilar\/","url":"https:\/\/isgairporthotel.com\/yasal-uyarilar\/","name":"Legal Notices - ISG Airport Hotel","isPartOf":{"@id":"https:\/\/isgairporthotel.com\/en\/#website"},"datePublished":"2019-04-26T11:13:14+00:00","dateModified":"2020-09-09T15:16:17+00:00","breadcrumb":{"@id":"https:\/\/isgairporthotel.com\/yasal-uyarilar\/#breadcrumb"},"inLanguage":"en-US","potentialAction":[{"@type":"ReadAction","target":["https:\/\/isgairporthotel.com\/yasal-uyarilar\/"]}]},{"@type":"BreadcrumbList","@id":"https:\/\/isgairporthotel.com\/yasal-uyarilar\/#breadcrumb","itemListElement":[{"@type":"ListItem","position":1,"name":"Home","item":"https:\/\/isgairporthotel.com\/en\/"},{"@type":"ListItem","position":2,"name":"Legal Notices"}]},{"@type":"WebSite","@id":"https:\/\/isgairporthotel.com\/en\/#website","url":"https:\/\/isgairporthotel.com\/en\/","name":"ISG Airport Hotel","description":"","potentialAction":[{"@type":"SearchAction","target":{"@type":"EntryPoint","urlTemplate":"https:\/\/isgairporthotel.com\/en\/?s={search_term_string}"},"query-input":{"@type":"PropertyValueSpecification","valueRequired":true,"valueName":"search_term_string"}}],"inLanguage":"en-US"}]}},"_links":{"self":[{"href":"https:\/\/isgairporthotel.com\/en\/wp-json\/wp\/v2\/pages\/9225","targetHints":{"allow":["GET"]}}],"collection":[{"href":"https:\/\/isgairporthotel.com\/en\/wp-json\/wp\/v2\/pages"}],"about":[{"href":"https:\/\/isgairporthotel.com\/en\/wp-json\/wp\/v2\/types\/page"}],"author":[{"embeddable":true,"href":"https:\/\/isgairporthotel.com\/en\/wp-json\/wp\/v2\/users\/16"}],"replies":[{"embeddable":true,"href":"https:\/\/isgairporthotel.com\/en\/wp-json\/wp\/v2\/comments?post=9225"}],"version-history":[{"count":2,"href":"https:\/\/isgairporthotel.com\/en\/wp-json\/wp\/v2\/pages\/9225\/revisions"}],"predecessor-version":[{"id":11348,"href":"https:\/\/isgairporthotel.com\/en\/wp-json\/wp\/v2\/pages\/9225\/revisions\/11348"}],"wp:attachment":[{"href":"https:\/\/isgairporthotel.com\/en\/wp-json\/wp\/v2\/media?parent=9225"}],"curies":[{"name":"wp","href":"https:\/\/api.w.org\/{rel}","templated":true}]}}