

 {"id":9246,"date":"2019-04-26T12:17:52","date_gmt":"2019-04-26T12:17:52","guid":{"rendered":"http:\/\/www.isgairporthotel.com\/gizlilik-taahhudumuz\/"},"modified":"2020-09-09T15:11:06","modified_gmt":"2020-09-09T15:11:06","slug":"our-privacy-commitment","status":"publish","type":"page","link":"https:\/\/isgairporthotel.com\/en\/our-privacy-commitment\/","title":{"rendered":"Our Privacy Commitment"},"content":{"rendered":"<div class=\"wpb-content-wrapper\"><p>[vc_row][vc_column][vc_row_inner][vc_column_inner width=&#8221;1\/6&#8243;][\/vc_column_inner][vc_column_inner width=&#8221;2\/3&#8243;][vc_column_text]<\/p>\n<h2 style=\"text-align: center;\"><strong>OUR PRIVACY COMMITMENT<\/strong><\/h2>\n<p>[\/vc_column_text][vc_column_text]<\/p>\n<div id=\"MainColumn\" class=\"Control_Panel \">\n<div id=\"ContentText\" class=\"Control_ContentText wow fadeIn animated\">\n<p>We as a company carried out its trade activities at Sanayi Mah. Havaalan\u0131 \u0130\u00e7 Yolu Caddesi Kap\u0131 No:1 \u0130stanbul Sabiha G\u00f6k\u00e7en International Airport Terminal Building Management Floor Pendik 34906 \u0130stanbul &#8211; Turkey and having 0481054178000019 and 0481054257100018 central registration number and titled \u0130stanbul Sabiha G\u00f6k\u00e7en Uluslararas\u0131 Havaliman\u0131 Yat\u0131r\u0131m Yap\u0131m ve \u0130\u015fletme A\u015e (\u201cISG\u201d) and SGC Havaliman\u0131 \u0130\u015fletmeleri Ticaret ve Turizm A\u015e (\u201cSGC\u201d) (ISG and SGC will be named as \u201cCompany\u201d jointly or severally in this document) accept all data received from our users (\u201cUser\u201d) as confidential information, keep, record and use in accordance with legal requirements which we are subjected.<\/p>\n<p>Our company accepts and commits<br \/>\na) To protect information disclosed to us, our employees, sub employees and other third parties who worked affiliated to us in confidence and to use to the extent required by the services to be provided,<br \/>\nb) Not to give and\/or disclose to any third party under no circumstances except the circumstances where the user allows and legal obligations and where gets service from outside in order to fulfill commercial relationship,<br \/>\nc) Not to use except the purposes of commercial relationship between them directly or indirectly,<\/p>\n<p>Our company accepts and commits to show the same attention how it has shown in protection of its confidential information, however also to show for the protection of confidential information of the user not to be less than threshold of commercial reasonable attention in any case. The company can give these information solely compulsory situations and to its employees, sub employees and other persons working affiliated to it who should learn this information as a part of his\/her job; however, it is responsible from its employees, sub employees and other persons working affiliated to it against to the User in relation to the confidentiality of the information.<\/p>\n<p>Our company accepts and commits to warn employees, sub employees and other persons working affiliated to it and to ensure that such persons are not acted improperly to the this contractual obligations and in case of such persons has acted improperly to the confidential obligation undertaken with this agreement, our company will be responsible and to indemnify damages specified in final court order of the user in advance.<\/p>\n<h3>Your following information are not included in the definition of confidential information:<\/h3>\n<p>a. Public information,<br \/>\nb. Information or experiences developed or obtained independently from the user,<br \/>\nc. Information that the information receiver has known or possessed in accordance with the law before sharing of the user,<br \/>\nd. Information that should be disclosed in accordance with law or regulation in force or court and\/or arbitrator decision, administrative order given.<\/p>\n<p>Our site infrastructure has been equipped with advanced level communication protocols and protection programs both to keep your information safely and to make shopping from our web site with pleasure. Thus, your information which you used during payment stage can be encoded automatically and transferred to your bank in this manner.<\/p>\n<p>We work with security companies which have worldwide reliability on data protection and encoding in compliance with our legal obligations and provide service to you with these standards.<\/p>\n<\/div>\n<\/div>\n<p>[\/vc_column_text][\/vc_column_inner][vc_column_inner width=&#8221;1\/6&#8243;][\/vc_column_inner][\/vc_row_inner][\/vc_column][\/vc_row]<\/p>\n<\/div>","protected":false},"excerpt":{"rendered":"<p>[vc_row][vc_column][vc_row_inner][vc_column_inner width=&#8221;1\/6&#8243;][\/vc_column_inner][vc_column_inner width=&#8221;2\/3&#8243;][vc_column_text] OUR PRIVACY COMMITMENT [\/vc_column_text][vc_column_text] We as a company carried out its trade activities at Sanayi Mah. Havaalan\u0131 \u0130\u00e7 Yolu Caddesi Kap\u0131 No:1 \u0130stanbul Sabiha G\u00f6k\u00e7en International Airport [&hellip;]<\/p>\n","protected":false},"author":16,"featured_media":0,"parent":0,"menu_order":0,"comment_status":"closed","ping_status":"closed","template":"","meta":{"footnotes":""},"class_list":["post-9246","page","type-page","status-publish","hentry"],"yoast_head":"<!-- This site is optimized with the Yoast SEO plugin v25.3.1 - https:\/\/yoast.com\/wordpress\/plugins\/seo\/ -->\n<title>Our Privacy Commitment - ISG Airport Hotel<\/title>\n<meta name=\"robots\" content=\"index, follow, max-snippet:-1, max-image-preview:large, max-video-preview:-1\" \/>\n<link rel=\"canonical\" href=\"https:\/\/isgairporthotel.com\/gizlilik-taahhudumuz\/\" \/>\n<meta property=\"og:locale\" content=\"en_US\" \/>\n<meta property=\"og:type\" content=\"article\" \/>\n<meta property=\"og:title\" content=\"Our Privacy Commitment - ISG Airport Hotel\" \/>\n<meta property=\"og:description\" content=\"[vc_row][vc_column][vc_row_inner][vc_column_inner width=&#8221;1\/6&#8243;][\/vc_column_inner][vc_column_inner width=&#8221;2\/3&#8243;][vc_column_text] OUR PRIVACY COMMITMENT [\/vc_column_text][vc_column_text] We as a company carried out its trade activities at Sanayi Mah. Havaalan\u0131 \u0130\u00e7 Yolu Caddesi Kap\u0131 No:1 \u0130stanbul Sabiha G\u00f6k\u00e7en International Airport [&hellip;]\" \/>\n<meta property=\"og:url\" content=\"https:\/\/isgairporthotel.com\/gizlilik-taahhudumuz\/\" \/>\n<meta property=\"og:site_name\" content=\"ISG Airport Hotel\" \/>\n<meta property=\"article:modified_time\" content=\"2020-09-09T15:11:06+00:00\" \/>\n<meta name=\"twitter:card\" content=\"summary_large_image\" \/>\n<meta name=\"twitter:label1\" content=\"Est. reading time\" \/>\n\t<meta name=\"twitter:data1\" content=\"3 minutes\" \/>\n<script type=\"application\/ld+json\" class=\"yoast-schema-graph\">{\"@context\":\"https:\/\/schema.org\",\"@graph\":[{\"@type\":\"WebPage\",\"@id\":\"https:\/\/isgairporthotel.com\/gizlilik-taahhudumuz\/\",\"url\":\"https:\/\/isgairporthotel.com\/gizlilik-taahhudumuz\/\",\"name\":\"Our Privacy Commitment - ISG Airport Hotel\",\"isPartOf\":{\"@id\":\"https:\/\/isgairporthotel.com\/en\/#website\"},\"datePublished\":\"2019-04-26T12:17:52+00:00\",\"dateModified\":\"2020-09-09T15:11:06+00:00\",\"breadcrumb\":{\"@id\":\"https:\/\/isgairporthotel.com\/gizlilik-taahhudumuz\/#breadcrumb\"},\"inLanguage\":\"en-US\",\"potentialAction\":[{\"@type\":\"ReadAction\",\"target\":[\"https:\/\/isgairporthotel.com\/gizlilik-taahhudumuz\/\"]}]},{\"@type\":\"BreadcrumbList\",\"@id\":\"https:\/\/isgairporthotel.com\/gizlilik-taahhudumuz\/#breadcrumb\",\"itemListElement\":[{\"@type\":\"ListItem\",\"position\":1,\"name\":\"Home\",\"item\":\"https:\/\/isgairporthotel.com\/en\/\"},{\"@type\":\"ListItem\",\"position\":2,\"name\":\"Our Privacy Commitment\"}]},{\"@type\":\"WebSite\",\"@id\":\"https:\/\/isgairporthotel.com\/en\/#website\",\"url\":\"https:\/\/isgairporthotel.com\/en\/\",\"name\":\"ISG Airport Hotel\",\"description\":\"\",\"potentialAction\":[{\"@type\":\"SearchAction\",\"target\":{\"@type\":\"EntryPoint\",\"urlTemplate\":\"https:\/\/isgairporthotel.com\/en\/?s={search_term_string}\"},\"query-input\":{\"@type\":\"PropertyValueSpecification\",\"valueRequired\":true,\"valueName\":\"search_term_string\"}}],\"inLanguage\":\"en-US\"}]}<\/script>\n<!-- \/ Yoast SEO plugin. -->","yoast_head_json":{"title":"Our Privacy Commitment - ISG Airport Hotel","robots":{"index":"index","follow":"follow","max-snippet":"max-snippet:-1","max-image-preview":"max-image-preview:large","max-video-preview":"max-video-preview:-1"},"canonical":"https:\/\/isgairporthotel.com\/gizlilik-taahhudumuz\/","og_locale":"en_US","og_type":"article","og_title":"Our Privacy Commitment - ISG Airport Hotel","og_description":"[vc_row][vc_column][vc_row_inner][vc_column_inner width=&#8221;1\/6&#8243;][\/vc_column_inner][vc_column_inner width=&#8221;2\/3&#8243;][vc_column_text] OUR PRIVACY COMMITMENT [\/vc_column_text][vc_column_text] We as a company carried out its trade activities at Sanayi Mah. Havaalan\u0131 \u0130\u00e7 Yolu Caddesi Kap\u0131 No:1 \u0130stanbul Sabiha G\u00f6k\u00e7en International Airport [&hellip;]","og_url":"https:\/\/isgairporthotel.com\/gizlilik-taahhudumuz\/","og_site_name":"ISG Airport Hotel","article_modified_time":"2020-09-09T15:11:06+00:00","twitter_card":"summary_large_image","twitter_misc":{"Est. reading time":"3 minutes"},"schema":{"@context":"https:\/\/schema.org","@graph":[{"@type":"WebPage","@id":"https:\/\/isgairporthotel.com\/gizlilik-taahhudumuz\/","url":"https:\/\/isgairporthotel.com\/gizlilik-taahhudumuz\/","name":"Our Privacy Commitment - ISG Airport Hotel","isPartOf":{"@id":"https:\/\/isgairporthotel.com\/en\/#website"},"datePublished":"2019-04-26T12:17:52+00:00","dateModified":"2020-09-09T15:11:06+00:00","breadcrumb":{"@id":"https:\/\/isgairporthotel.com\/gizlilik-taahhudumuz\/#breadcrumb"},"inLanguage":"en-US","potentialAction":[{"@type":"ReadAction","target":["https:\/\/isgairporthotel.com\/gizlilik-taahhudumuz\/"]}]},{"@type":"BreadcrumbList","@id":"https:\/\/isgairporthotel.com\/gizlilik-taahhudumuz\/#breadcrumb","itemListElement":[{"@type":"ListItem","position":1,"name":"Home","item":"https:\/\/isgairporthotel.com\/en\/"},{"@type":"ListItem","position":2,"name":"Our Privacy Commitment"}]},{"@type":"WebSite","@id":"https:\/\/isgairporthotel.com\/en\/#website","url":"https:\/\/isgairporthotel.com\/en\/","name":"ISG Airport Hotel","description":"","potentialAction":[{"@type":"SearchAction","target":{"@type":"EntryPoint","urlTemplate":"https:\/\/isgairporthotel.com\/en\/?s={search_term_string}"},"query-input":{"@type":"PropertyValueSpecification","valueRequired":true,"valueName":"search_term_string"}}],"inLanguage":"en-US"}]}},"_links":{"self":[{"href":"https:\/\/isgairporthotel.com\/en\/wp-json\/wp\/v2\/pages\/9246","targetHints":{"allow":["GET"]}}],"collection":[{"href":"https:\/\/isgairporthotel.com\/en\/wp-json\/wp\/v2\/pages"}],"about":[{"href":"https:\/\/isgairporthotel.com\/en\/wp-json\/wp\/v2\/types\/page"}],"author":[{"embeddable":true,"href":"https:\/\/isgairporthotel.com\/en\/wp-json\/wp\/v2\/users\/16"}],"replies":[{"embeddable":true,"href":"https:\/\/isgairporthotel.com\/en\/wp-json\/wp\/v2\/comments?post=9246"}],"version-history":[{"count":2,"href":"https:\/\/isgairporthotel.com\/en\/wp-json\/wp\/v2\/pages\/9246\/revisions"}],"predecessor-version":[{"id":11340,"href":"https:\/\/isgairporthotel.com\/en\/wp-json\/wp\/v2\/pages\/9246\/revisions\/11340"}],"wp:attachment":[{"href":"https:\/\/isgairporthotel.com\/en\/wp-json\/wp\/v2\/media?parent=9246"}],"curies":[{"name":"wp","href":"https:\/\/api.w.org\/{rel}","templated":true}]}}