

 {"id":9300,"date":"2019-05-03T07:41:56","date_gmt":"2019-05-03T07:41:56","guid":{"rendered":"http:\/\/www.isgairporthotel.com\/kisisel-veri-koruma-esaslari\/"},"modified":"2019-05-03T08:03:52","modified_gmt":"2019-05-03T08:03:52","slug":"personal-data-protection-essentials","status":"publish","type":"page","link":"https:\/\/isgairporthotel.com\/en\/personal-data-protection-essentials\/","title":{"rendered":"PERSONAL DATA PROTECTION ESSENTIALS"},"content":{"rendered":"<div class=\"wpb-content-wrapper\"><p>[vc_row][vc_column][vc_row_inner][vc_column_inner][vc_column_text]<\/p>\n<h2 style=\"color: #859b8f;\">PERSONAL DATA PROTECTION ESSENTIALS<\/h2>\n<p>[\/vc_column_text][vc_column_text]By using this electronic interface you are submitting your suggestion, question, complaint, thanks or lost &amp; found item inquiry to \u0130stanbul Sabiha G\u00f6k\u00e7en International Airport Investment Development &amp; Operation Inc. (&#8220;ISG&#8221;)..<\/p>\n<p>Before completing your application, we must inform you about the following matters required by law and get your proper approval:<\/p>\n<ol>\n<li>Requests, questions, complaints, thanks and lost&amp;found item inquiry and the information you submit in this context (&#8220;Application&#8221;) are collected, stored and processed solely by ISG for the purpose of evaluating your application,<\/li>\n<li>Your application may contain personal data or sensitive personal data about yourself, a relative or a third party. It is not possible for ISG to know this before you submit your application.<\/li>\n<li>The personal data you share with your application and your application will only be accessible to the relevant department of ISG and to the department manager who will evaluate the application for the purpose set out above and this information will not be shared with anyone within ISG other than these two authorities.<\/li>\n<li>According to the nature of your application, your application may be shared by ISG with its affiliated companies, affiliates, business partners, agents and other compulsory third parties, to the extent required, and only to the extent necessary to find a solution to your application.<\/li>\n<li>Depending on the nature of your complaint, the complaint may be shared with the relevant public authority by the ISG for your complaint to be handled or for legal obligation.<\/li>\n<li>ISG may keep your application for 12 (twelve) months, in order to assess, perform, and prevent any possible dispute that may arise. At the end of the period of time if there is no legal or legitimate objective of ISG to keep your application, ISG will immediately destroy or anonymize the documents.<\/li>\n<li>You may always request information about all of the following aspects of your personal data:\n<ul>\n<li>Requesting information about personal data if it has been processed,<\/li>\n<li>To learn whether the personal data are used appropriately for the purpose of processing,<\/li>\n<li>Knowing the third parties to which personal data are transferred at homeland or abroad,<\/li>\n<li>Requesting correction of personal data if it is incomplete or incorrect,<\/li>\n<li>Requesting deletion or destruction of personal data,<\/li>\n<li>Requesting that third parties ,which personal data is forwarded, be notified in the event that the data are corrected, deleted or destroyed,<\/li>\n<li>Objection to a negative conclusion against the person himself by processing personal data exclusively through automated systems,<\/li>\n<li>Demand that the damage be resolved in the event of a nuisance due to the processing of personal data illegally.<\/li>\n<\/ul>\n<\/li>\n<li>If you have any questions about your personal data that you share during your application, or if you have any requests regarding your personal data, you can contact the ISG via <a href=\"mailto:musteri@sgia.aero\">musteri@sgia.aero<\/a> email address. All inquiries and requests will be answered by ISG as soon as possible and the result will be reported to you.<\/li>\n<\/ol>\n<p>[\/vc_column_text][\/vc_column_inner][\/vc_row_inner][\/vc_column][\/vc_row]<\/p>\n<\/div>","protected":false},"excerpt":{"rendered":"<p>[vc_row][vc_column][vc_row_inner][vc_column_inner][vc_column_text] PERSONAL DATA PROTECTION ESSENTIALS [\/vc_column_text][vc_column_text]By using this electronic interface you are submitting your suggestion, question, complaint, thanks or lost &amp; found item inquiry to \u0130stanbul Sabiha G\u00f6k\u00e7en International Airport [&hellip;]<\/p>\n","protected":false},"author":3,"featured_media":0,"parent":0,"menu_order":0,"comment_status":"closed","ping_status":"closed","template":"","meta":{"footnotes":""},"class_list":["post-9300","page","type-page","status-publish","hentry"],"yoast_head":"<!-- This site is optimized with the Yoast SEO plugin v25.3.1 - https:\/\/yoast.com\/wordpress\/plugins\/seo\/ -->\n<title>PERSONAL DATA PROTECTION ESSENTIALS - ISG Airport Hotel<\/title>\n<meta name=\"robots\" content=\"index, follow, max-snippet:-1, max-image-preview:large, max-video-preview:-1\" \/>\n<link rel=\"canonical\" href=\"https:\/\/isgairporthotel.com\/kisisel-veri-koruma-esaslari\/\" \/>\n<meta property=\"og:locale\" content=\"en_US\" \/>\n<meta property=\"og:type\" content=\"article\" \/>\n<meta property=\"og:title\" content=\"PERSONAL DATA PROTECTION ESSENTIALS - ISG Airport Hotel\" \/>\n<meta property=\"og:description\" content=\"[vc_row][vc_column][vc_row_inner][vc_column_inner][vc_column_text] PERSONAL DATA PROTECTION ESSENTIALS [\/vc_column_text][vc_column_text]By using this electronic interface you are submitting your suggestion, question, complaint, thanks or lost &amp; found item inquiry to \u0130stanbul Sabiha G\u00f6k\u00e7en International Airport [&hellip;]\" \/>\n<meta property=\"og:url\" content=\"https:\/\/isgairporthotel.com\/kisisel-veri-koruma-esaslari\/\" \/>\n<meta property=\"og:site_name\" content=\"ISG Airport Hotel\" \/>\n<meta property=\"article:modified_time\" content=\"2019-05-03T08:03:52+00:00\" \/>\n<meta name=\"twitter:card\" content=\"summary_large_image\" \/>\n<meta name=\"twitter:label1\" content=\"Est. reading time\" \/>\n\t<meta name=\"twitter:data1\" content=\"3 minutes\" \/>\n<script type=\"application\/ld+json\" class=\"yoast-schema-graph\">{\"@context\":\"https:\/\/schema.org\",\"@graph\":[{\"@type\":\"WebPage\",\"@id\":\"https:\/\/isgairporthotel.com\/kisisel-veri-koruma-esaslari\/\",\"url\":\"https:\/\/isgairporthotel.com\/kisisel-veri-koruma-esaslari\/\",\"name\":\"PERSONAL DATA PROTECTION ESSENTIALS - ISG Airport Hotel\",\"isPartOf\":{\"@id\":\"https:\/\/isgairporthotel.com\/en\/#website\"},\"datePublished\":\"2019-05-03T07:41:56+00:00\",\"dateModified\":\"2019-05-03T08:03:52+00:00\",\"breadcrumb\":{\"@id\":\"https:\/\/isgairporthotel.com\/kisisel-veri-koruma-esaslari\/#breadcrumb\"},\"inLanguage\":\"en-US\",\"potentialAction\":[{\"@type\":\"ReadAction\",\"target\":[\"https:\/\/isgairporthotel.com\/kisisel-veri-koruma-esaslari\/\"]}]},{\"@type\":\"BreadcrumbList\",\"@id\":\"https:\/\/isgairporthotel.com\/kisisel-veri-koruma-esaslari\/#breadcrumb\",\"itemListElement\":[{\"@type\":\"ListItem\",\"position\":1,\"name\":\"Home\",\"item\":\"https:\/\/isgairporthotel.com\/en\/\"},{\"@type\":\"ListItem\",\"position\":2,\"name\":\"PERSONAL DATA PROTECTION ESSENTIALS\"}]},{\"@type\":\"WebSite\",\"@id\":\"https:\/\/isgairporthotel.com\/en\/#website\",\"url\":\"https:\/\/isgairporthotel.com\/en\/\",\"name\":\"ISG Airport Hotel\",\"description\":\"\",\"potentialAction\":[{\"@type\":\"SearchAction\",\"target\":{\"@type\":\"EntryPoint\",\"urlTemplate\":\"https:\/\/isgairporthotel.com\/en\/?s={search_term_string}\"},\"query-input\":{\"@type\":\"PropertyValueSpecification\",\"valueRequired\":true,\"valueName\":\"search_term_string\"}}],\"inLanguage\":\"en-US\"}]}<\/script>\n<!-- \/ Yoast SEO plugin. -->","yoast_head_json":{"title":"PERSONAL DATA PROTECTION ESSENTIALS - ISG Airport Hotel","robots":{"index":"index","follow":"follow","max-snippet":"max-snippet:-1","max-image-preview":"max-image-preview:large","max-video-preview":"max-video-preview:-1"},"canonical":"https:\/\/isgairporthotel.com\/kisisel-veri-koruma-esaslari\/","og_locale":"en_US","og_type":"article","og_title":"PERSONAL DATA PROTECTION ESSENTIALS - ISG Airport Hotel","og_description":"[vc_row][vc_column][vc_row_inner][vc_column_inner][vc_column_text] PERSONAL DATA PROTECTION ESSENTIALS [\/vc_column_text][vc_column_text]By using this electronic interface you are submitting your suggestion, question, complaint, thanks or lost &amp; found item inquiry to \u0130stanbul Sabiha G\u00f6k\u00e7en International Airport [&hellip;]","og_url":"https:\/\/isgairporthotel.com\/kisisel-veri-koruma-esaslari\/","og_site_name":"ISG Airport Hotel","article_modified_time":"2019-05-03T08:03:52+00:00","twitter_card":"summary_large_image","twitter_misc":{"Est. reading time":"3 minutes"},"schema":{"@context":"https:\/\/schema.org","@graph":[{"@type":"WebPage","@id":"https:\/\/isgairporthotel.com\/kisisel-veri-koruma-esaslari\/","url":"https:\/\/isgairporthotel.com\/kisisel-veri-koruma-esaslari\/","name":"PERSONAL DATA PROTECTION ESSENTIALS - ISG Airport Hotel","isPartOf":{"@id":"https:\/\/isgairporthotel.com\/en\/#website"},"datePublished":"2019-05-03T07:41:56+00:00","dateModified":"2019-05-03T08:03:52+00:00","breadcrumb":{"@id":"https:\/\/isgairporthotel.com\/kisisel-veri-koruma-esaslari\/#breadcrumb"},"inLanguage":"en-US","potentialAction":[{"@type":"ReadAction","target":["https:\/\/isgairporthotel.com\/kisisel-veri-koruma-esaslari\/"]}]},{"@type":"BreadcrumbList","@id":"https:\/\/isgairporthotel.com\/kisisel-veri-koruma-esaslari\/#breadcrumb","itemListElement":[{"@type":"ListItem","position":1,"name":"Home","item":"https:\/\/isgairporthotel.com\/en\/"},{"@type":"ListItem","position":2,"name":"PERSONAL DATA PROTECTION ESSENTIALS"}]},{"@type":"WebSite","@id":"https:\/\/isgairporthotel.com\/en\/#website","url":"https:\/\/isgairporthotel.com\/en\/","name":"ISG Airport Hotel","description":"","potentialAction":[{"@type":"SearchAction","target":{"@type":"EntryPoint","urlTemplate":"https:\/\/isgairporthotel.com\/en\/?s={search_term_string}"},"query-input":{"@type":"PropertyValueSpecification","valueRequired":true,"valueName":"search_term_string"}}],"inLanguage":"en-US"}]}},"_links":{"self":[{"href":"https:\/\/isgairporthotel.com\/en\/wp-json\/wp\/v2\/pages\/9300","targetHints":{"allow":["GET"]}}],"collection":[{"href":"https:\/\/isgairporthotel.com\/en\/wp-json\/wp\/v2\/pages"}],"about":[{"href":"https:\/\/isgairporthotel.com\/en\/wp-json\/wp\/v2\/types\/page"}],"author":[{"embeddable":true,"href":"https:\/\/isgairporthotel.com\/en\/wp-json\/wp\/v2\/users\/3"}],"replies":[{"embeddable":true,"href":"https:\/\/isgairporthotel.com\/en\/wp-json\/wp\/v2\/comments?post=9300"}],"version-history":[{"count":3,"href":"https:\/\/isgairporthotel.com\/en\/wp-json\/wp\/v2\/pages\/9300\/revisions"}],"predecessor-version":[{"id":9308,"href":"https:\/\/isgairporthotel.com\/en\/wp-json\/wp\/v2\/pages\/9300\/revisions\/9308"}],"wp:attachment":[{"href":"https:\/\/isgairporthotel.com\/en\/wp-json\/wp\/v2\/media?parent=9300"}],"curies":[{"name":"wp","href":"https:\/\/api.w.org\/{rel}","templated":true}]}}