

 {"id":8880,"date":"2017-05-10T10:55:14","date_gmt":"2017-05-10T10:55:14","guid":{"rendered":"http:\/\/www.isgairporthotel.com\/kontakt\/"},"modified":"2021-11-02T12:31:05","modified_gmt":"2021-11-02T12:31:05","slug":"contact","status":"publish","type":"page","link":"https:\/\/isgairporthotel.com\/ru\/contact\/","title":{"rendered":"\u043a\u043e\u043d\u0442\u0430\u043a\u0442"},"content":{"rendered":"<div class=\"wpb-content-wrapper\"><p>[vc_row][vc_column]<div class=\"ult-spacer spacer-69dd564f94aea\" data-id=\"69dd564f94aea\" data-height=\"40\" data-height-mobile=\"40\" data-height-tab=\"40\" data-height-tab-portrait=\"\" data-height-mobile-landscape=\"\" style=\"clear:both;display:block;\"><\/div>[\/vc_column][\/vc_row][vc_row el_class=&#187;dt-sc-overflow_visible&#187;][vc_column width=&#187;1\/3&#8243; css=&#187;.vc_custom_1554128465562{margin-bottom: 50px !important;}&#187;]<div class='dt-sc-contact-info type3 '><span class='icon icon-pointer'> <\/span><h6>\u0430\u0434\u0440\u0435\u0441<\/h6><p style=\"color: #fff;\">\u0130stanbul Sabiha G\u00f6k\u00e7en Uluslararas\u0131 Havaliman\u0131\n34906 Pendik \/ \u0130stanbul \/ T\u00fcrkiye<\/p><\/div>[\/vc_column][vc_column width=&#187;1\/3&#8243; css=&#187;.vc_custom_1554128473209{margin-bottom: 50px !important;}&#187;]<div class='dt-sc-contact-info type3 '><span class='icon icon-phone2'> <\/span><h6>\u0442\u0435\u043b\u0435\u0444\u043e\u043d<\/h6><p style=\"color: #fff;\">+90 216 588 50 00<\/p>\n<p><b style=\"opacity: 0;\">____________________________ _ ______<\/b><\/div>[\/vc_column][vc_column width=&#187;1\/3&#8243; css=&#187;.vc_custom_1554128485364{margin-bottom: 50px !important;}&#187;]<div class='dt-sc-contact-info type3 '><span class='icon icon-imbox'> <\/span><h6>\u042d\u043b. \u043f\u043e\u0447\u0442\u0430<\/h6><a style=\"color: #fff;\" href=\"mailto:info@isgairporthotel.com\">info@isgairporthotel.com<\/a>\n<b style=\"opacity: 0;\">____________________________ _ ______<\/b><\/div>[\/vc_column][\/vc_row][vc_row full_width=&#187;stretch_row_content_no_spaces&#187; parallax=&#187;content-moving&#187; parallax_image=&#187;8515&#8243; parallax_speed_bg=&#187;2.5&#8243; el_class=&#187;dt-sc-dark-bg vcr_float_right&#187; css=&#187;.vc_custom_1522823967484{background-position: 0 0;background-repeat: repeat !important;}&#187;][vc_column el_class=&#187;rs_col_no_btm_space&#187; offset=&#187;vc_hidden-sm&#187;][vc_row_inner content_placement=&#187;middle&#187;][vc_column_inner el_class=&#187;restaurant-contact-bg rs_col-sm-12&#8243; width=&#187;1\/2&#8243; offset=&#187;vc_col-lg-6 vc_hidden-lg vc_col-md-12 vc_hidden-md vc_hidden-sm vc_hidden-xs&#187; css=&#187;.vc_custom_1635856263432{padding-right: 40px !important;}&#187;]\n<div class=\"wpcf7 no-js\" id=\"wpcf7-f8965-o1\" lang=\"tr-TR\" dir=\"ltr\" data-wpcf7-id=\"8965\">\n<div class=\"screen-reader-response\"><p role=\"status\" aria-live=\"polite\" aria-atomic=\"true\"><\/p> <ul><\/ul><\/div>\n<form action=\"\/ru\/wp-json\/wp\/v2\/pages\/8880#wpcf7-f8965-o1\" method=\"post\" class=\"wpcf7-form init restaurant-contact-form\" aria-label=\"\u0130leti\u015fim Formu\" novalidate=\"novalidate\" data-status=\"init\">\n<fieldset class=\"hidden-fields-container\"><input type=\"hidden\" name=\"_wpcf7\" value=\"8965\" \/><input type=\"hidden\" name=\"_wpcf7_version\" value=\"6.1\" \/><input type=\"hidden\" name=\"_wpcf7_locale\" value=\"tr_TR\" \/><input type=\"hidden\" name=\"_wpcf7_unit_tag\" value=\"wpcf7-f8965-o1\" \/><input type=\"hidden\" name=\"_wpcf7_container_post\" value=\"0\" \/><input type=\"hidden\" name=\"_wpcf7_posted_data_hash\" value=\"\" \/><input type=\"hidden\" name=\"_wpcf7_recaptcha_response\" value=\"\" \/>\n<\/fieldset>\n<h3 style=\"padding-left: 10px;\">\u041e\u0442\u043f\u0440\u0430\u0432\u044c\u0442\u0435 \u043d\u0430\u043c \u0441\u043e\u043e\u0431\u0449\u0435\u043d\u0438\u0435\n<\/h3>\n<p>[vc_column width=\"1\/2\" addstyles=\"padding-left: 10px; padding-right:10px;\"]<span class=\"wpcf7-form-control-wrap\" data-name=\"text-884\"><input size=\"40\" maxlength=\"400\" class=\"wpcf7-form-control wpcf7-text wpcf7-validates-as-required\" aria-required=\"true\" aria-invalid=\"false\" placeholder=\"\u0418\u043c\u044f \u0424\u0430\u043c\u0438\u043b\u0438\u044f\" value=\"\" type=\"text\" name=\"text-884\" \/><\/span>[\/vc_column][vc_column width=\"1\/2\" addstyles=\"padding-left:10px; padding-right:10px;\"]<span class=\"wpcf7-form-control-wrap\" data-name=\"email-388\"><input size=\"40\" maxlength=\"400\" class=\"wpcf7-form-control wpcf7-email wpcf7-validates-as-required wpcf7-text wpcf7-validates-as-email\" aria-required=\"true\" aria-invalid=\"false\" placeholder=\"\u042d\u043b. \u043f\u043e\u0447\u0442\u0430\" value=\"\" type=\"email\" name=\"email-388\" \/><\/span>[\/vc_column]<div class='dt-sc-hr-invisible-xsmall '> <\/div>[vc_column width=\"1\/2\" addstyles=\"padding-left: 10px; padding-right:10px;\"]<span class=\"wpcf7-form-control-wrap\" data-name=\"tel-843\"><input size=\"40\" maxlength=\"400\" class=\"wpcf7-form-control wpcf7-tel wpcf7-text wpcf7-validates-as-tel\" aria-invalid=\"false\" placeholder=\"\u0422\u0435\u043b\u0435\u0444\u043e\u043d\" value=\"\" type=\"tel\" name=\"tel-843\" \/><\/span>[\/vc_column][vc_column width=\"1\/2\" addstyles=\"padding-left:10px; padding-right:10px;\"]<span class=\"wpcf7-form-control-wrap\" data-name=\"text-884\"><input size=\"40\" maxlength=\"400\" class=\"wpcf7-form-control wpcf7-text\" aria-invalid=\"false\" placeholder=\"\u041f\u0440\u0435\u0434\u043c\u0435\u0442\" value=\"\" type=\"text\" name=\"text-884\" \/><\/span>[\/vc_column]<div class='dt-sc-hr-invisible-xsmall '> <\/div><div class='dt-sc-clear '> <\/div>[vc_column addstyles=\"padding-left: 10px; padding-right:10px;\"]<span class=\"wpcf7-form-control-wrap\" data-name=\"textarea-183\"><textarea cols=\"40\" rows=\"10\" maxlength=\"2000\" class=\"wpcf7-form-control wpcf7-textarea\" aria-invalid=\"false\" placeholder=\"\u0421\u043e\u043e\u0431\u0449\u0435\u043d\u0438\u0435\" name=\"textarea-183\"><\/textarea><\/span><span class=\"wpcf7-form-control-wrap\" data-name=\"acceptance-914\"><span class=\"wpcf7-form-control wpcf7-acceptance\"><span class=\"wpcf7-list-item\"><label><input type=\"checkbox\" name=\"acceptance-914\" value=\"1\" checked=\"checked\" aria-invalid=\"false\" \/><span class=\"wpcf7-list-item-label\"><div style=\"color:white\">\u042f \u0434\u0430\u044e \u0441\u043e\u0433\u043b\u0430\u0441\u0438\u0435 \u043d\u0430 \u043e\u0431\u0440\u0430\u0431\u043e\u0442\u043a\u0443 \u043c\u043e\u0438\u0445 \u043f\u0435\u0440\u0441\u043e\u043d\u0430\u043b\u044c\u043d\u044b\u0445 \u0434\u0430\u043d\u043d\u044b\u0445 \u0432 \u0440\u0430\u043c\u043a\u0430\u0445 <b>\u0423\u0432\u0435\u0434\u043e\u043c\u043b\u0435\u043d\u0438\u044f \u043e\u0431 \u043e\u0431\u043c\u0435\u043d\u0435 \u043f\u0435\u0440\u0441\u043e\u043d\u0430\u043b\u044c\u043d\u044b\u0445 \u0434\u0430\u043d\u043d\u044b\u043c\u0438<\/b> \u0441 \u0446\u0435\u043b\u044c\u044e \u043e\u0441\u0443\u0449\u0435\u0441\u0442\u0432\u043b\u0435\u043d\u0438\u044f \u043d\u0435\u043e\u0431\u0445\u043e\u0434\u0438\u043c\u043e\u0433\u043e \u0434\u043b\u044f \u043c\u043e\u0435\u0433\u043e \u043e\u0431\u0440\u0430\u0449\u0435\u043d\u0438\u044f.<\/div><\/span><\/label><\/span><\/span><\/span><div class='dt-sc-hr-invisible-xsmall '> <\/div><input class=\"wpcf7-form-control wpcf7-submit has-spinner\" type=\"submit\" value=\"\u043f\u043e\u0441\u043b\u0430\u0442\u044c\" \/>[\/vc_column]\n<\/p><div class=\"wpcf7-response-output\" aria-hidden=\"true\"><\/div>\n<\/form>\n<\/div>\n[\/vc_column_inner][vc_column_inner el_class=&#187;rs_col-sm-12 rs_col_no_btm_space&#187; width=&#187;1\/2&#8243; offset=&#187;vc_col-lg-6 vc_col-md-12&#8243;][vc_gmaps link=&#187;#E-8_JTNDaWZyYW1lJTIwc3JjJTNEJTIyaHR0cHMlM0ElMkYlMkZ3d3cuZ29vZ2xlLmNvbSUyRm1hcHMlMkZlbWJlZCUzRnBiJTNEJTIxMW0xOCUyMTFtMTIlMjExbTMlMjExZDMwMTUuNDI0MTM4OTA4MDc4NSUyMTJkMjkuMzExMTE3MTE1ODM1MzE2JTIxM2Q0MC45MDY0NDUyNzkzMTEzMzUlMjEybTMlMjExZjAlMjEyZjAlMjEzZjAlMjEzbTIlMjExaTEwMjQlMjEyaTc2OCUyMTRmMTMuMSUyMTNtMyUyMTFtMiUyMTFzMHgxNGNhZGEzMjA0MjQ3NmExJTI1M0EweGI5ZGMwNTE0OTNiZWRiZmElMjEyc0lTRyUyQlNhYmloYSUyQkclMjVDMyUyNUI2ayUyNUMzJTI1QTdlbiUyQkFpcnBvcnQlMkJIb3RlbCUyMTVlMCUyMTNtMiUyMTFzZW4lMjEyc3VhJTIxNHYxNTUzODgwOTgxNDQxJTIxNW0yJTIxMXNlbiUyMTJzdWElMjIlMjB3aWR0aCUzRCUyMjYwMCUyMiUyMGhlaWdodCUzRCUyMjQ1MCUyMiUyMGZyYW1lYm9yZGVyJTNEJTIyMCUyMiUyMHN0eWxlJTNEJTIyYm9yZGVyJTNBMCUyMiUyMGFsbG93ZnVsbHNjcmVlbiUzRSUzQyUyRmlmcmFtZSUzRQ==&#187; size=&#187;500px&#187; css=&#187;.vc_custom_1553880992481{margin-bottom: 0px !important;padding-top: 0px !important;padding-right: 0px !important;padding-bottom: 0px !important;padding-left: 0px !important;}&#187;][\/vc_column_inner][\/vc_row_inner][\/vc_column][\/vc_row][vc_row full_width=&#187;stretch_row_content_no_spaces&#187; parallax=&#187;content-moving&#187; parallax_speed_bg=&#187;2.5&#8243; el_class=&#187;dt-sc-dark-bg vcr_float_right&#187;][vc_column offset=&#187;vc_hidden-sm&#187;][vc_row_inner][vc_column_inner][vc_single_image image=&#187;9178&#8243; img_size=&#187;full&#187;][\/vc_column_inner][\/vc_row_inner][\/vc_column][\/vc_row][vc_row full_width=&#187;stretch_row_content_no_spaces&#187; parallax=&#187;content-moving&#187; parallax_image=&#187;8515&#8243; parallax_speed_bg=&#187;2.5&#8243; el_class=&#187;dt-sc-dark-bg vcr_float_right&#187; el_id=&#187;tablet-d&#187;][vc_column el_class=&#187;rs_col_no_btm_space&#187; offset=&#187;vc_hidden-lg vc_hidden-md vc_hidden-xs&#187;][vc_row_inner content_placement=&#187;middle&#187;][vc_column_inner el_class=&#187;restaurant-contact-bg rs_col-sm-12&#8243; width=&#187;1\/2&#8243; offset=&#187;vc_col-lg-6 vc_col-md-12&#8243; css=&#187;.vc_custom_1522762798822{padding-right: 40px !important;padding-left: 80px !important;}&#187;]\n<div class=\"wpcf7 no-js\" id=\"wpcf7-f8965-o2\" lang=\"tr-TR\" dir=\"ltr\" data-wpcf7-id=\"8965\">\n<div class=\"screen-reader-response\"><p role=\"status\" aria-live=\"polite\" aria-atomic=\"true\"><\/p> <ul><\/ul><\/div>\n<form action=\"\/ru\/wp-json\/wp\/v2\/pages\/8880#wpcf7-f8965-o2\" method=\"post\" class=\"wpcf7-form init restaurant-contact-form\" aria-label=\"\u0130leti\u015fim Formu\" novalidate=\"novalidate\" data-status=\"init\">\n<fieldset class=\"hidden-fields-container\"><input type=\"hidden\" name=\"_wpcf7\" value=\"8965\" \/><input type=\"hidden\" name=\"_wpcf7_version\" value=\"6.1\" \/><input type=\"hidden\" name=\"_wpcf7_locale\" value=\"tr_TR\" \/><input type=\"hidden\" name=\"_wpcf7_unit_tag\" value=\"wpcf7-f8965-o2\" \/><input type=\"hidden\" name=\"_wpcf7_container_post\" value=\"0\" \/><input type=\"hidden\" name=\"_wpcf7_posted_data_hash\" value=\"\" \/><input type=\"hidden\" name=\"_wpcf7_recaptcha_response\" value=\"\" \/>\n<\/fieldset>\n<h3 style=\"padding-left: 10px;\">\u041e\u0442\u043f\u0440\u0430\u0432\u044c\u0442\u0435 \u043d\u0430\u043c \u0441\u043e\u043e\u0431\u0449\u0435\u043d\u0438\u0435\n<\/h3>\n<p>[vc_column width=\"1\/2\" addstyles=\"padding-left: 10px; padding-right:10px;\"]<span class=\"wpcf7-form-control-wrap\" data-name=\"text-884\"><input size=\"40\" maxlength=\"400\" class=\"wpcf7-form-control wpcf7-text wpcf7-validates-as-required\" aria-required=\"true\" aria-invalid=\"false\" placeholder=\"\u0418\u043c\u044f \u0424\u0430\u043c\u0438\u043b\u0438\u044f\" value=\"\" type=\"text\" name=\"text-884\" \/><\/span>[\/vc_column][vc_column width=\"1\/2\" addstyles=\"padding-left:10px; padding-right:10px;\"]<span class=\"wpcf7-form-control-wrap\" data-name=\"email-388\"><input size=\"40\" maxlength=\"400\" class=\"wpcf7-form-control wpcf7-email wpcf7-validates-as-required wpcf7-text wpcf7-validates-as-email\" aria-required=\"true\" aria-invalid=\"false\" placeholder=\"\u042d\u043b. \u043f\u043e\u0447\u0442\u0430\" value=\"\" type=\"email\" name=\"email-388\" \/><\/span>[\/vc_column]<div class='dt-sc-hr-invisible-xsmall '> <\/div>[vc_column width=\"1\/2\" addstyles=\"padding-left: 10px; padding-right:10px;\"]<span class=\"wpcf7-form-control-wrap\" data-name=\"tel-843\"><input size=\"40\" maxlength=\"400\" class=\"wpcf7-form-control wpcf7-tel wpcf7-text wpcf7-validates-as-tel\" aria-invalid=\"false\" placeholder=\"\u0422\u0435\u043b\u0435\u0444\u043e\u043d\" value=\"\" type=\"tel\" name=\"tel-843\" \/><\/span>[\/vc_column][vc_column width=\"1\/2\" addstyles=\"padding-left:10px; padding-right:10px;\"]<span class=\"wpcf7-form-control-wrap\" data-name=\"text-884\"><input size=\"40\" maxlength=\"400\" class=\"wpcf7-form-control wpcf7-text\" aria-invalid=\"false\" placeholder=\"\u041f\u0440\u0435\u0434\u043c\u0435\u0442\" value=\"\" type=\"text\" name=\"text-884\" \/><\/span>[\/vc_column]<div class='dt-sc-hr-invisible-xsmall '> <\/div><div class='dt-sc-clear '> <\/div>[vc_column addstyles=\"padding-left: 10px; padding-right:10px;\"]<span class=\"wpcf7-form-control-wrap\" data-name=\"textarea-183\"><textarea cols=\"40\" rows=\"10\" maxlength=\"2000\" class=\"wpcf7-form-control wpcf7-textarea\" aria-invalid=\"false\" placeholder=\"\u0421\u043e\u043e\u0431\u0449\u0435\u043d\u0438\u0435\" name=\"textarea-183\"><\/textarea><\/span><span class=\"wpcf7-form-control-wrap\" data-name=\"acceptance-914\"><span class=\"wpcf7-form-control wpcf7-acceptance\"><span class=\"wpcf7-list-item\"><label><input type=\"checkbox\" name=\"acceptance-914\" value=\"1\" checked=\"checked\" aria-invalid=\"false\" \/><span class=\"wpcf7-list-item-label\"><div style=\"color:white\">\u042f \u0434\u0430\u044e \u0441\u043e\u0433\u043b\u0430\u0441\u0438\u0435 \u043d\u0430 \u043e\u0431\u0440\u0430\u0431\u043e\u0442\u043a\u0443 \u043c\u043e\u0438\u0445 \u043f\u0435\u0440\u0441\u043e\u043d\u0430\u043b\u044c\u043d\u044b\u0445 \u0434\u0430\u043d\u043d\u044b\u0445 \u0432 \u0440\u0430\u043c\u043a\u0430\u0445 <b>\u0423\u0432\u0435\u0434\u043e\u043c\u043b\u0435\u043d\u0438\u044f \u043e\u0431 \u043e\u0431\u043c\u0435\u043d\u0435 \u043f\u0435\u0440\u0441\u043e\u043d\u0430\u043b\u044c\u043d\u044b\u0445 \u0434\u0430\u043d\u043d\u044b\u043c\u0438<\/b> \u0441 \u0446\u0435\u043b\u044c\u044e \u043e\u0441\u0443\u0449\u0435\u0441\u0442\u0432\u043b\u0435\u043d\u0438\u044f \u043d\u0435\u043e\u0431\u0445\u043e\u0434\u0438\u043c\u043e\u0433\u043e \u0434\u043b\u044f \u043c\u043e\u0435\u0433\u043e \u043e\u0431\u0440\u0430\u0449\u0435\u043d\u0438\u044f.<\/div><\/span><\/label><\/span><\/span><\/span><div class='dt-sc-hr-invisible-xsmall '> <\/div><input class=\"wpcf7-form-control wpcf7-submit has-spinner\" type=\"submit\" value=\"\u043f\u043e\u0441\u043b\u0430\u0442\u044c\" \/>[\/vc_column]\n<\/p><div class=\"wpcf7-response-output\" aria-hidden=\"true\"><\/div>\n<\/form>\n<\/div>\n[\/vc_column_inner][vc_column_inner el_class=&#187;rs_col-sm-12 rs_col_no_btm_space&#187; width=&#187;1\/2&#8243; offset=&#187;vc_col-lg-6 vc_col-md-12&#8243;][vc_gmaps link=&#187;#E-8_JTNDaWZyYW1lJTIwc3JjJTNEJTIyaHR0cHMlM0ElMkYlMkZ3d3cuZ29vZ2xlLmNvbSUyRm1hcHMlMkZlbWJlZCUzRnBiJTNEJTIxMW0xOCUyMTFtMTIlMjExbTMlMjExZDMwMTUuNDI0MTM4OTA4MDc4NSUyMTJkMjkuMzExMTE3MTE1ODM1MzE2JTIxM2Q0MC45MDY0NDUyNzkzMTEzMzUlMjEybTMlMjExZjAlMjEyZjAlMjEzZjAlMjEzbTIlMjExaTEwMjQlMjEyaTc2OCUyMTRmMTMuMSUyMTNtMyUyMTFtMiUyMTFzMHgxNGNhZGEzMjA0MjQ3NmExJTI1M0EweGI5ZGMwNTE0OTNiZWRiZmElMjEyc0lTRyUyQlNhYmloYSUyQkclMjVDMyUyNUI2ayUyNUMzJTI1QTdlbiUyQkFpcnBvcnQlMkJIb3RlbCUyMTVlMCUyMTNtMiUyMTFzZW4lMjEyc3VhJTIxNHYxNTUzODgwOTgxNDQxJTIxNW0yJTIxMXNlbiUyMTJzdWElMjIlMjB3aWR0aCUzRCUyMjYwMCUyMiUyMGhlaWdodCUzRCUyMjQ1MCUyMiUyMGZyYW1lYm9yZGVyJTNEJTIyMCUyMiUyMHN0eWxlJTNEJTIyYm9yZGVyJTNBMCUyMiUyMGFsbG93ZnVsbHNjcmVlbiUzRSUzQyUyRmlmcmFtZSUzRQ==&#187; size=&#187;500px&#187; css=&#187;.vc_custom_1553880998097{margin-bottom: 0px !important;padding-top: 0px !important;padding-right: 0px !important;padding-bottom: 0px !important;padding-left: 0px !important;}&#187;][\/vc_column_inner][\/vc_row_inner][\/vc_column][\/vc_row][vc_row][vc_column offset=&#187;vc_hidden-lg vc_hidden-md vc_hidden-sm vc_hidden-xs&#187;][vc_raw_html]JTNDc3R5bGUlM0UlMEEud3BiX2dtYXBzX3dpZGdldCUyMC53cGJfd3JhcHBlciU3QiUwQXBhZGRpbmclM0EwJTNCJTdEJTBBJTBBJTQwbWVkaWElMjAlMjhtaW4td2lkdGglM0E1MDBweCUyOSUyMGFuZCUyMCUyOG1heC13aWR0aCUzQTEwMjRweCUyOSUyMGFuZCUyMCUyOG9yaWVudGF0aW9uJTNBcG9ydHJhaXQlMjklN0IlMEEucmVzdGF1cmFudC1jb250YWN0LWZvcm0lN0IlMEFmbG9hdCUzQWxlZnQlM0IlN0QlMEElN0QlMEFpbWcudmNfc2luZ2xlX2ltYWdlLWltZy5hdHRhY2htZW50LWZ1bGwlN0IlMEF3aWR0aCUzQSUyMDEwOHZ3JTIwJTIxaW1wb3J0YW50JTNCJTBBJTdEJTBBJTNDJTJGc3R5bGUlM0U=[\/vc_raw_html][\/vc_column][\/vc_row]<\/p>\n<\/div>","protected":false},"excerpt":{"rendered":"<p>[vc_row][vc_column][\/vc_column][\/vc_row][vc_row el_class=&#187;dt-sc-overflow_visible&#187;][vc_column width=&#187;1\/3&#8243; css=&#187;.vc_custom_1554128465562{margin-bottom: 50px !important;}&#187;][\/vc_column][vc_column width=&#187;1\/3&#8243; css=&#187;.vc_custom_1554128473209{margin-bottom: 50px !important;}&#187;][\/vc_column][vc_column width=&#187;1\/3&#8243; css=&#187;.vc_custom_1554128485364{margin-bottom: 50px !important;}&#187;][\/vc_column][\/vc_row][vc_row full_width=&#187;stretch_row_content_no_spaces&#187; parallax=&#187;content-moving&#187; parallax_image=&#187;8515&#8243; parallax_speed_bg=&#187;2.5&#8243; el_class=&#187;dt-sc-dark-bg vcr_float_right&#187; css=&#187;.vc_custom_1522823967484{background-position: 0 0;background-repeat: repeat !important;}&#187;][vc_column el_class=&#187;rs_col_no_btm_space&#187; offset=&#187;vc_hidden-sm&#187;][vc_row_inner content_placement=&#187;middle&#187;][vc_column_inner el_class=&#187;restaurant-contact-bg rs_col-sm-12&#8243; [&hellip;]<\/p>\n","protected":false},"author":16,"featured_media":0,"parent":0,"menu_order":0,"comment_status":"closed","ping_status":"closed","template":"","meta":{"footnotes":""},"class_list":["post-8880","page","type-page","status-publish","hentry"],"yoast_head":"<!-- This site is optimized with the Yoast SEO plugin v25.3.1 - https:\/\/yoast.com\/wordpress\/plugins\/seo\/ -->\n<title>\u043a\u043e\u043d\u0442\u0430\u043a\u0442 - ISG Airport Hotel<\/title>\n<meta name=\"robots\" content=\"index, follow, max-snippet:-1, max-image-preview:large, max-video-preview:-1\" \/>\n<link rel=\"canonical\" href=\"https:\/\/isgairporthotel.com\/iletisim\/\" \/>\n<meta property=\"og:locale\" content=\"ru_RU\" \/>\n<meta property=\"og:type\" content=\"article\" \/>\n<meta property=\"og:title\" content=\"\u043a\u043e\u043d\u0442\u0430\u043a\u0442 - ISG Airport Hotel\" \/>\n<meta property=\"og:description\" content=\"[vc_row][vc_column][\/vc_column][\/vc_row][vc_row el_class=&#187;dt-sc-overflow_visible&#187;][vc_column width=&#187;1\/3&#8243; css=&#187;.vc_custom_1554128465562{margin-bottom: 50px !important;}&#187;][\/vc_column][vc_column width=&#187;1\/3&#8243; css=&#187;.vc_custom_1554128473209{margin-bottom: 50px !important;}&#187;][\/vc_column][vc_column width=&#187;1\/3&#8243; css=&#187;.vc_custom_1554128485364{margin-bottom: 50px !important;}&#187;][\/vc_column][\/vc_row][vc_row full_width=&#187;stretch_row_content_no_spaces&#187; parallax=&#187;content-moving&#187; parallax_image=&#187;8515&#8243; parallax_speed_bg=&#187;2.5&#8243; el_class=&#187;dt-sc-dark-bg vcr_float_right&#187; css=&#187;.vc_custom_1522823967484{background-position: 0 0;background-repeat: repeat !important;}&#187;][vc_column el_class=&#187;rs_col_no_btm_space&#187; offset=&#187;vc_hidden-sm&#187;][vc_row_inner content_placement=&#187;middle&#187;][vc_column_inner el_class=&#187;restaurant-contact-bg rs_col-sm-12&#8243; [&hellip;]\" \/>\n<meta property=\"og:url\" content=\"https:\/\/isgairporthotel.com\/iletisim\/\" \/>\n<meta property=\"og:site_name\" content=\"ISG Airport Hotel\" \/>\n<meta property=\"article:modified_time\" content=\"2021-11-02T12:31:05+00:00\" \/>\n<meta name=\"twitter:card\" content=\"summary_large_image\" \/>\n<meta name=\"twitter:label1\" content=\"\u041f\u0440\u0438\u043c\u0435\u0440\u043d\u043e\u0435 \u0432\u0440\u0435\u043c\u044f \u0434\u043b\u044f \u0447\u0442\u0435\u043d\u0438\u044f\" \/>\n\t<meta name=\"twitter:data1\" content=\"3 \u043c\u0438\u043d\u0443\u0442\u044b\" \/>\n<script type=\"application\/ld+json\" class=\"yoast-schema-graph\">{\"@context\":\"https:\/\/schema.org\",\"@graph\":[{\"@type\":\"WebPage\",\"@id\":\"https:\/\/isgairporthotel.com\/iletisim\/\",\"url\":\"https:\/\/isgairporthotel.com\/iletisim\/\",\"name\":\"\u043a\u043e\u043d\u0442\u0430\u043a\u0442 - ISG Airport Hotel\",\"isPartOf\":{\"@id\":\"https:\/\/isgairporthotel.com\/en\/#website\"},\"datePublished\":\"2017-05-10T10:55:14+00:00\",\"dateModified\":\"2021-11-02T12:31:05+00:00\",\"breadcrumb\":{\"@id\":\"https:\/\/isgairporthotel.com\/iletisim\/#breadcrumb\"},\"inLanguage\":\"ru-RU\",\"potentialAction\":[{\"@type\":\"ReadAction\",\"target\":[\"https:\/\/isgairporthotel.com\/iletisim\/\"]}]},{\"@type\":\"BreadcrumbList\",\"@id\":\"https:\/\/isgairporthotel.com\/iletisim\/#breadcrumb\",\"itemListElement\":[{\"@type\":\"ListItem\",\"position\":1,\"name\":\"Home\",\"item\":\"https:\/\/isgairporthotel.com\/ru\/\"},{\"@type\":\"ListItem\",\"position\":2,\"name\":\"\u043a\u043e\u043d\u0442\u0430\u043a\u0442\"}]},{\"@type\":\"WebSite\",\"@id\":\"https:\/\/isgairporthotel.com\/en\/#website\",\"url\":\"https:\/\/isgairporthotel.com\/en\/\",\"name\":\"ISG Airport Hotel\",\"description\":\"\",\"potentialAction\":[{\"@type\":\"SearchAction\",\"target\":{\"@type\":\"EntryPoint\",\"urlTemplate\":\"https:\/\/isgairporthotel.com\/en\/?s={search_term_string}\"},\"query-input\":{\"@type\":\"PropertyValueSpecification\",\"valueRequired\":true,\"valueName\":\"search_term_string\"}}],\"inLanguage\":\"ru-RU\"}]}<\/script>\n<!-- \/ Yoast SEO plugin. -->","yoast_head_json":{"title":"\u043a\u043e\u043d\u0442\u0430\u043a\u0442 - ISG Airport Hotel","robots":{"index":"index","follow":"follow","max-snippet":"max-snippet:-1","max-image-preview":"max-image-preview:large","max-video-preview":"max-video-preview:-1"},"canonical":"https:\/\/isgairporthotel.com\/iletisim\/","og_locale":"ru_RU","og_type":"article","og_title":"\u043a\u043e\u043d\u0442\u0430\u043a\u0442 - ISG Airport Hotel","og_description":"[vc_row][vc_column][\/vc_column][\/vc_row][vc_row el_class=&#187;dt-sc-overflow_visible&#187;][vc_column width=&#187;1\/3&#8243; css=&#187;.vc_custom_1554128465562{margin-bottom: 50px !important;}&#187;][\/vc_column][vc_column width=&#187;1\/3&#8243; css=&#187;.vc_custom_1554128473209{margin-bottom: 50px !important;}&#187;][\/vc_column][vc_column width=&#187;1\/3&#8243; css=&#187;.vc_custom_1554128485364{margin-bottom: 50px !important;}&#187;][\/vc_column][\/vc_row][vc_row full_width=&#187;stretch_row_content_no_spaces&#187; parallax=&#187;content-moving&#187; parallax_image=&#187;8515&#8243; parallax_speed_bg=&#187;2.5&#8243; el_class=&#187;dt-sc-dark-bg vcr_float_right&#187; css=&#187;.vc_custom_1522823967484{background-position: 0 0;background-repeat: repeat !important;}&#187;][vc_column el_class=&#187;rs_col_no_btm_space&#187; offset=&#187;vc_hidden-sm&#187;][vc_row_inner content_placement=&#187;middle&#187;][vc_column_inner el_class=&#187;restaurant-contact-bg rs_col-sm-12&#8243; [&hellip;]","og_url":"https:\/\/isgairporthotel.com\/iletisim\/","og_site_name":"ISG Airport Hotel","article_modified_time":"2021-11-02T12:31:05+00:00","twitter_card":"summary_large_image","twitter_misc":{"\u041f\u0440\u0438\u043c\u0435\u0440\u043d\u043e\u0435 \u0432\u0440\u0435\u043c\u044f \u0434\u043b\u044f \u0447\u0442\u0435\u043d\u0438\u044f":"3 \u043c\u0438\u043d\u0443\u0442\u044b"},"schema":{"@context":"https:\/\/schema.org","@graph":[{"@type":"WebPage","@id":"https:\/\/isgairporthotel.com\/iletisim\/","url":"https:\/\/isgairporthotel.com\/iletisim\/","name":"\u043a\u043e\u043d\u0442\u0430\u043a\u0442 - ISG Airport Hotel","isPartOf":{"@id":"https:\/\/isgairporthotel.com\/en\/#website"},"datePublished":"2017-05-10T10:55:14+00:00","dateModified":"2021-11-02T12:31:05+00:00","breadcrumb":{"@id":"https:\/\/isgairporthotel.com\/iletisim\/#breadcrumb"},"inLanguage":"ru-RU","potentialAction":[{"@type":"ReadAction","target":["https:\/\/isgairporthotel.com\/iletisim\/"]}]},{"@type":"BreadcrumbList","@id":"https:\/\/isgairporthotel.com\/iletisim\/#breadcrumb","itemListElement":[{"@type":"ListItem","position":1,"name":"Home","item":"https:\/\/isgairporthotel.com\/ru\/"},{"@type":"ListItem","position":2,"name":"\u043a\u043e\u043d\u0442\u0430\u043a\u0442"}]},{"@type":"WebSite","@id":"https:\/\/isgairporthotel.com\/en\/#website","url":"https:\/\/isgairporthotel.com\/en\/","name":"ISG Airport Hotel","description":"","potentialAction":[{"@type":"SearchAction","target":{"@type":"EntryPoint","urlTemplate":"https:\/\/isgairporthotel.com\/en\/?s={search_term_string}"},"query-input":{"@type":"PropertyValueSpecification","valueRequired":true,"valueName":"search_term_string"}}],"inLanguage":"ru-RU"}]}},"_links":{"self":[{"href":"https:\/\/isgairporthotel.com\/ru\/wp-json\/wp\/v2\/pages\/8880","targetHints":{"allow":["GET"]}}],"collection":[{"href":"https:\/\/isgairporthotel.com\/ru\/wp-json\/wp\/v2\/pages"}],"about":[{"href":"https:\/\/isgairporthotel.com\/ru\/wp-json\/wp\/v2\/types\/page"}],"author":[{"embeddable":true,"href":"https:\/\/isgairporthotel.com\/ru\/wp-json\/wp\/v2\/users\/16"}],"replies":[{"embeddable":true,"href":"https:\/\/isgairporthotel.com\/ru\/wp-json\/wp\/v2\/comments?post=8880"}],"version-history":[{"count":11,"href":"https:\/\/isgairporthotel.com\/ru\/wp-json\/wp\/v2\/pages\/8880\/revisions"}],"predecessor-version":[{"id":11551,"href":"https:\/\/isgairporthotel.com\/ru\/wp-json\/wp\/v2\/pages\/8880\/revisions\/11551"}],"wp:attachment":[{"href":"https:\/\/isgairporthotel.com\/ru\/wp-json\/wp\/v2\/media?parent=8880"}],"curies":[{"name":"wp","href":"https:\/\/api.w.org\/{rel}","templated":true}]}}