

 {"id":9229,"date":"2019-04-26T11:13:29","date_gmt":"2019-04-26T11:13:29","guid":{"rendered":"http:\/\/www.isgairporthotel.com\/?page_id=9229"},"modified":"2020-09-09T15:16:55","modified_gmt":"2020-09-09T15:16:55","slug":"legal-notices","status":"publish","type":"page","link":"https:\/\/isgairporthotel.com\/ru\/legal-notices\/","title":{"rendered":"Legal Notices"},"content":{"rendered":"<div class=\"wpb-content-wrapper\"><p>[vc_row][vc_column][vc_row_inner][vc_column_inner width=&#187;1\/6&#8243;][\/vc_column_inner][vc_column_inner width=&#187;2\/3&#8243;][vc_column_text]<\/p>\n<h2 style=\"text-align: center;\"><strong>\u041e\u0424\u0418\u0426\u0418\u0410\u041b\u042c\u041d\u042b\u0415 \u0423\u0412\u0415\u0414\u041e\u041c\u041b\u0415\u041d\u0418\u042f<\/strong><\/h2>\n<p>[\/vc_column_text][vc_column_text]<\/p>\n<h4 style=\"text-align: center;\"><strong>\u00a9 \u0418\u0441\u0442\u0430\u043d\u0431\u0443\u043b \u0421\u0430\u0431\u0438\u0445\u0430 \u0413\u0451\u043a\u0447\u0435\u043d \u0423\u043b\u0443\u0441\u043b\u0430\u0440\u0430\u0440\u0430\u0441\u044b \u0425\u0430\u0432\u0430\u043b\u0438\u043c\u0430\u043d\u044b \u042f\u0442\u044b\u0440\u044b\u043c \u042f\u043f\u044b\u043c \u0432\u0435 \u0418\u0448\u043b\u0435\u0442\u043c\u0435 \u0410.\u0428. (\u0130stanbul Sabiha G\u00f6k\u00e7en Uluslararas\u0131 Havaliman\u0131 Yat\u0131r\u0131m Yap\u0131m ve \u0130\u015fletme A.\u015e) (\u201cISG\u201d)<\/strong><\/h4>\n<h4 style=\"text-align: center;\"><strong>SGC \u0425\u0430\u0432\u0430\u043b\u0438\u043c\u0430\u043d\u044b \u0418\u0448\u043b\u0435\u0442\u043c\u0435\u043b\u0435\u0440\u0438 \u0422\u0438\u0434\u0436\u0430\u0440\u0435\u0442 \u0432\u0435 \u0422\u0443\u0440\u0438\u0437\u043c \u0410.\u0428. (SGC Havaliman\u0131 \u0130\u015fletmeleri Ticaret ve Turizm A\u015e) (\u201cSGC\u201d)<\/strong><\/h4>\n<p>[\/vc_column_text][vc_column_text]<\/p>\n<h3 style=\"text-align: center;\">\u041f\u0440\u0435\u0434\u0443\u043f\u0440\u0435\u0436\u0434\u0435\u043d\u0438\u0435 \u043e\u0431 \u0430\u0432\u0442\u043e\u0440\u0441\u043a\u043e\u043c \u043f\u0440\u0430\u0432\u0435:<\/h3>\n<p>[\/vc_column_text][vc_column_text]<\/p>\n<p style=\"text-align: center;\">\u041d\u0430\u0445\u043e\u0434\u044f\u0449\u0438\u0435\u0441\u044f \u043d\u0430 \u043d\u0430\u0448\u0435\u043c \u0432\u0435\u0431-\u0441\u0430\u0439\u0442\u0435 \u0438 \u043c\u043e\u0431\u0438\u043b\u044c\u043d\u044b\u0445 \u043f\u0440\u0438\u043b\u043e\u0436\u0435\u043d\u0438\u044f\u0445 \u0432\u0441\u0435: \u0442\u0435\u043a\u0441\u0442\u044b, \u0440\u0438\u0441\u0443\u043d\u043a\u0438, \u0444\u043e\u0442\u043e\u0433\u0440\u0430\u0444\u0438\u0438, \u0433\u043e\u043b\u043e\u0441\u0430, \u043b\u043e\u0433\u0438\u043d\u044b, \u0438\u043a\u043e\u043d\u043a\u0438 \u0438 \u0432\u043a\u043b\u044e\u0447\u0430\u044f \u043f\u0440\u043e\u0433\u0440\u0430\u043c\u043c\u043d\u043e\u0435 \u043e\u0431\u0435\u0441\u043f\u0435\u0447\u0435\u043d\u0438\u0435, \u0430 \u0442\u0430\u043a\u0436\u0435 \u043d\u0435 \u043e\u0433\u0440\u0430\u043d\u0438\u0447\u0438\u0432\u0430\u044f\u0441\u044c \u044d\u0442\u0438\u043c, \u0432\u0441\u0435 \u0437\u0430\u0440\u0435\u0433\u0438\u0441\u0442\u0440\u0438\u0440\u043e\u0432\u0430\u043d\u043d\u044b\u0435 \u0438\u043b\u0438 \u043d\u0435 \u0437\u0430\u0440\u0435\u0433\u0438\u0441\u0442\u0440\u0438\u0440\u043e\u0432\u0430\u043d\u043d\u044b\u0435 \u0430\u0432\u0442\u043e\u0440\u0441\u043a\u0438\u0435 \u043f\u0440\u0430\u0432\u0430, \u043b\u0438\u0431\u043e \u0430\u0432\u0442\u043e\u0440\u0441\u043a\u0438\u0435 \u043f\u0440\u0430\u0432\u0430 \u043d\u0435 \u043f\u043e\u0434\u043b\u0435\u0436\u0430\u0449\u0438\u0435 \u0440\u0435\u0433\u0438\u0441\u0442\u0440\u0430\u0446\u0438\u0438, \u0441\u043c\u0435\u0436\u043d\u044b\u0435 \u043f\u0440\u0430\u0432\u0430, \u043f\u0440\u0430\u0432\u0430 \u043d\u0430 \u0431\u0440\u0435\u043d\u0434, \u0442\u043e\u0440\u0433\u043e\u0432\u043e\u0435 \u043d\u0430\u0437\u0432\u0430\u043d\u0438\u0435, \u043f\u0440\u0430\u0432\u0430 \u043d\u0430 \u0431\u0430\u0437\u0443 \u0434\u0430\u043d\u043d\u044b\u0445, \u043f\u0430\u0442\u0435\u043d\u0442, \u043d\u043e\u0443-\u0445\u0430\u0443, \u043c\u043e\u0434\u0435\u043b\u0438, \u043b\u043e\u0433\u043e\u0442\u0438\u043f\u044b \u0438 \u0434\u0438\u0437\u0430\u0439\u043d\u044b, \u043f\u0440\u0430\u0432\u0430 \u0434\u043e\u0441\u0442\u0443\u043f\u0430 \u043a \u0438\u043d\u0442\u0435\u0440\u043d\u0435\u0442\u0443, \u0430 \u0442\u0430\u043a\u0436\u0435 \u043d\u0435 \u043e\u0433\u0440\u0430\u043d\u0438\u0447\u0438\u0432\u0430\u044f\u0441\u044c \u0438\u043c\u0438, \u0432\u0441\u0435 \u043f\u0440\u0430\u0432\u0430 \u043d\u0430 \u0438\u043d\u0442\u0435\u043b\u043b\u0435\u043a\u0442\u0443\u0430\u043b\u044c\u043d\u0443\u044e \u0438 \u043f\u0440\u043e\u043c\u044b\u0448\u043b\u0435\u043d\u043d\u0443\u044e \u0441\u043e\u0431\u0441\u0442\u0432\u0435\u043d\u043d\u043e\u0441\u0442\u044c, \u0441\u043e\u0445\u0440\u0430\u043d\u044f\u044e\u0442\u0441\u044f.<\/p>\n<p style=\"text-align: center;\">\u0412\u0441\u0435 \u0432\u0437\u044f\u0442\u044b\u0435 \u0441 \u043d\u0430\u0448\u0435\u0433\u043e \u0432\u0435\u0431-\u0441\u0430\u0439\u0442\u0430 \u0438 \u043c\u043e\u0431\u0438\u043b\u044c\u043d\u044b\u0445 \u043f\u0440\u0438\u043b\u043e\u0436\u0435\u043d\u0438\u0439, \u043b\u0438\u0431\u043e \u0438\u043c\u0435\u044e\u0449\u0438\u0435 \u0440\u0435\u043a\u043e\u043c\u0435\u043d\u0434\u0430\u0446\u0438\u044e \u043d\u0430 \u043d\u0430\u0448\u0435\u043c \u0432\u0435\u0431-\u0441\u0430\u0439\u0442\u0435\/\u043c\u043e\u0431\u0438\u043b\u044c\u043d\u043e\u043c \u043f\u0440\u0438\u043b\u043e\u0436\u0435\u043d\u0438\u0438 \u0438\u043b\u0438 \u0438\u043c\u0435\u044e\u0449\u0438\u0435 \u0441\u0441\u044b\u043b\u043a\u0443, \u0430 \u0438\u043c\u0435\u043d\u043d\u043e: \u0434\u043e\u043a\u0443\u043c\u0435\u043d\u0442, \u043a\u0430\u0440\u0442\u0438\u043d\u043a\u0430, \u0441\u0442\u0440\u0430\u043d\u0438\u0446\u0430, \u0433\u0440\u0430\u0444\u0438\u043a, \u044d\u043b\u0435\u043c\u0435\u043d\u0442 \u0434\u0438\u0437\u0430\u0439\u043d\u0430 \u0438 \u0432\u0441\u044f\u043a\u043e\u0433\u043e \u0432\u0438\u0434\u0430 \u044d\u043b\u0435\u043c\u0435\u043d\u0442\u044b, \u0432\u043a\u043b\u044e\u0447\u0430\u044f \u0442\u0435, \u043a\u043e\u0442\u043e\u0440\u044b\u0435 \u0431\u044b\u043b\u0438 \u0432\u0437\u044f\u0442\u044b \u0441 \u0437\u0430\u043f\u0438\u0441\u0435\u0439 \u0432\u0440\u0435\u043c\u0435\u043d\u043d\u043e\u0439 \u043f\u0430\u043c\u044f\u0442\u0438 \u0434\u043b\u044f \u0438\u0441\u043f\u043e\u043b\u044c\u0437\u043e\u0432\u0430\u043d\u0438\u044f \u043a\u0430\u0442\u0430\u043b\u043e\u0433\u043e\u0432 \u043f\u043e\u0438\u0441\u043a\u043e\u0432\u044b\u0445 \u0441\u0438\u0441\u0442\u0435\u043c, \u043d\u0435 \u043c\u043e\u0433\u0443\u0442 \u0431\u044b\u0442\u044c \u0447\u0430\u0441\u0442\u0438\u0447\u043d\u043e \u0438\u043b\u0438 \u043f\u043e\u043b\u043d\u043e\u0441\u0442\u044c\u044e \u0441\u043a\u043e\u043f\u0438\u0440\u043e\u0432\u0430\u043d\u044b, \u043f\u0435\u0440\u0435\u043d\u0435\u0441\u0435\u043d\u044b \u0432 \u0434\u0440\u0443\u0433\u043e\u0435 \u043c\u0435\u0441\u0442\u043e, \u043d\u0435 \u043c\u043e\u0433\u0443\u0442 \u0446\u0438\u0442\u0438\u0440\u043e\u0432\u0430\u0442\u0441\u044f, \u043d\u0435 \u043c\u043e\u0433\u0443\u0442 \u0431\u044b\u0442\u044c \u043e\u043f\u0443\u0431\u043b\u0438\u043a\u043e\u0432\u0430\u043d\u044b \u0432 \u0438\u043d\u0442\u0435\u0440\u043d\u0435\u0442\u0435 \u0438\u043b\u0438 \u043e\u043f\u0443\u0431\u043b\u0438\u043a\u043e\u0432\u0430\u043d\u044b \u0432 \u043a\u0430\u043a\u043e\u0439-\u043b\u0438\u0431\u043e \u0434\u0440\u0443\u0433\u043e\u0439 \u0444\u043e\u0440\u043c\u0435, \u043d\u0435 \u043c\u043e\u0433\u0443\u0442 \u0431\u044b\u0442\u044c \u0438\u0437\u043c\u0435\u043d\u0435\u043d\u044b, \u043d\u0435 \u043c\u043e\u0433\u0443\u0442 \u0431\u044b\u0442\u044c \u043e\u0431\u0440\u0430\u0431\u043e\u0442\u0430\u043d\u044b, \u043d\u0435 \u043c\u043e\u0433\u0443\u0442 \u0431\u044b\u0442\u044c \u043f\u043e\u0434\u0434\u0435\u043b\u0430\u043d\u044b \u0438 \u0438\u0441\u043f\u043e\u043b\u044c\u0437\u043e\u0432\u0430\u043d\u044b. \u0418\u0441\u043f\u043e\u043b\u044c\u0437\u043e\u0432\u0430\u043d\u0438\u0435 \u043d\u0430\u0448\u0435\u0433\u043e \u0432\u0435\u0431-\u0441\u0430\u0439\u0442\u0430 \u0438\u043b\u0438 \u043d\u0430\u0448\u0438\u0445 \u043c\u043e\u0431\u0438\u043b\u044c\u043d\u044b\u0445 \u043f\u0440\u0438\u043b\u043e\u0436\u0435\u043d\u0438\u0439 \u043f\u043e\u0441\u0440\u0435\u0434\u0441\u0442\u0432\u043e\u043c \u043a\u0430\u043a\u043e\u0433\u043e-\u043b\u0438\u0431\u043e \u0441\u043e\u0434\u0435\u0440\u0436\u0430\u043d\u0438\u044f \u043d\u0435 \u0434\u0430\u044e\u0442 \u043f\u043e\u043b\u044c\u0437\u043e\u0432\u0430\u0442\u0435\u043b\u044f\u043c \u043a\u0430\u043a\u043e\u0433\u043e-\u043b\u0438\u0431\u043e \u043f\u0440\u0430\u0432\u0430. \u0422\u043e\u043b\u044c\u043a\u043e \u0434\u0440\u0443\u0433\u0438\u0435 \u0432\u0435\u0431-\u0441\u0430\u0439\u0442\u044b, \u043f\u0440\u0438 \u0443\u0441\u043b\u043e\u0432\u0438\u0438 \u0443\u043a\u0430\u0437\u0430\u043d\u0438\u044f \u0418\u0421\u0422\u041e\u0427\u041d\u0418\u041a\u0410, \u043c\u043e\u0433\u0443\u0442 \u043f\u0443\u0431\u043b\u0438\u043a\u043e\u0432\u0430\u0442\u044c \u0432\u0441\u0435 \u043f\u0440\u0430\u0432\u0430, \u043a\u043e\u0442\u043e\u0440\u044b\u0435 \u0438\u043c\u0435\u044e\u0442\u0441\u044f \u0438 \u0437\u0430\u0449\u0438\u0449\u0435\u043d\u044b \u043d\u0430 \u043d\u0430\u0448\u0438\u0445 \u0432\u0435\u0431-\u0441\u0430\u0439\u0442\u0435 \u0438 \u043c\u043e\u0431\u0438\u043b\u044c\u043d\u044b\u0445 \u043f\u0440\u0438\u043b\u043e\u0436\u0435\u043d\u0438\u044f\u0445.<\/p>\n<p style=\"text-align: center;\">\u041e\u0442\u043d\u043e\u0441\u0438\u0442\u0435\u043b\u044c\u043d\u043e \u043f\u043e\u043b\u044c\u0437\u043e\u0432\u0430\u0442\u0435\u043b\u0435\u0439 \u0438\u043b\u0438 \u0442\u0440\u0435\u0442\u044c\u0438\u0445 \u043b\u0438\u0446, \u043a\u043e\u0442\u043e\u0440\u044b\u0435 \u0432\u0435\u0434\u0443\u0442 \u0441\u0435\u0431\u044f, \u043d\u0430\u0440\u0443\u0448\u0430\u044f \u0443\u0441\u043b\u043e\u0432\u0438\u044f \u043f\u0435\u0440\u0435\u0447\u0438\u0441\u043b\u0435\u043d\u044b\u0435 \u0432\u044b\u0448\u0435, \u0431\u0443\u0434\u0443\u0442 \u043f\u0440\u0438\u043c\u0435\u043d\u0435\u043d\u044b \u043f\u0440\u0430\u0432\u043e\u0432\u044b\u0435 \u043f\u0440\u043e\u0446\u0435\u0434\u0443\u0440\u044b.<\/p>\n<p>[\/vc_column_text][\/vc_column_inner][vc_column_inner width=&#187;1\/6&#8243;][\/vc_column_inner][\/vc_row_inner][\/vc_column][\/vc_row]<\/p>\n<\/div>","protected":false},"excerpt":{"rendered":"<p>[vc_row][vc_column][vc_row_inner][vc_column_inner width=&#187;1\/6&#8243;][\/vc_column_inner][vc_column_inner width=&#187;2\/3&#8243;][vc_column_text] \u041e\u0424\u0418\u0426\u0418\u0410\u041b\u042c\u041d\u042b\u0415 \u0423\u0412\u0415\u0414\u041e\u041c\u041b\u0415\u041d\u0418\u042f [\/vc_column_text][vc_column_text] \u00a9 \u0418\u0441\u0442\u0430\u043d\u0431\u0443\u043b \u0421\u0430\u0431\u0438\u0445\u0430 \u0413\u0451\u043a\u0447\u0435\u043d \u0423\u043b\u0443\u0441\u043b\u0430\u0440\u0430\u0440\u0430\u0441\u044b \u0425\u0430\u0432\u0430\u043b\u0438\u043c\u0430\u043d\u044b \u042f\u0442\u044b\u0440\u044b\u043c \u042f\u043f\u044b\u043c \u0432\u0435 \u0418\u0448\u043b\u0435\u0442\u043c\u0435 \u0410.\u0428. (\u0130stanbul Sabiha G\u00f6k\u00e7en Uluslararas\u0131 Havaliman\u0131 Yat\u0131r\u0131m Yap\u0131m ve \u0130\u015fletme A.\u015e) (\u201cISG\u201d) SGC \u0425\u0430\u0432\u0430\u043b\u0438\u043c\u0430\u043d\u044b [&hellip;]<\/p>\n","protected":false},"author":16,"featured_media":0,"parent":0,"menu_order":0,"comment_status":"closed","ping_status":"closed","template":"","meta":{"footnotes":""},"class_list":["post-9229","page","type-page","status-publish","hentry"],"yoast_head":"<!-- This site is optimized with the Yoast SEO plugin v25.3.1 - https:\/\/yoast.com\/wordpress\/plugins\/seo\/ -->\n<title>Legal Notices - ISG Airport Hotel<\/title>\n<meta name=\"robots\" content=\"index, follow, max-snippet:-1, max-image-preview:large, max-video-preview:-1\" \/>\n<link rel=\"canonical\" href=\"https:\/\/isgairporthotel.com\/yasal-uyarilar\/\" \/>\n<meta property=\"og:locale\" content=\"ru_RU\" \/>\n<meta property=\"og:type\" content=\"article\" \/>\n<meta property=\"og:title\" content=\"Legal Notices - ISG Airport Hotel\" \/>\n<meta property=\"og:description\" content=\"[vc_row][vc_column][vc_row_inner][vc_column_inner width=&#187;1\/6&#8243;][\/vc_column_inner][vc_column_inner width=&#187;2\/3&#8243;][vc_column_text] \u041e\u0424\u0418\u0426\u0418\u0410\u041b\u042c\u041d\u042b\u0415 \u0423\u0412\u0415\u0414\u041e\u041c\u041b\u0415\u041d\u0418\u042f [\/vc_column_text][vc_column_text] \u00a9 \u0418\u0441\u0442\u0430\u043d\u0431\u0443\u043b \u0421\u0430\u0431\u0438\u0445\u0430 \u0413\u0451\u043a\u0447\u0435\u043d \u0423\u043b\u0443\u0441\u043b\u0430\u0440\u0430\u0440\u0430\u0441\u044b \u0425\u0430\u0432\u0430\u043b\u0438\u043c\u0430\u043d\u044b \u042f\u0442\u044b\u0440\u044b\u043c \u042f\u043f\u044b\u043c \u0432\u0435 \u0418\u0448\u043b\u0435\u0442\u043c\u0435 \u0410.\u0428. (\u0130stanbul Sabiha G\u00f6k\u00e7en Uluslararas\u0131 Havaliman\u0131 Yat\u0131r\u0131m Yap\u0131m ve \u0130\u015fletme A.\u015e) (\u201cISG\u201d) SGC \u0425\u0430\u0432\u0430\u043b\u0438\u043c\u0430\u043d\u044b [&hellip;]\" \/>\n<meta property=\"og:url\" content=\"https:\/\/isgairporthotel.com\/yasal-uyarilar\/\" \/>\n<meta property=\"og:site_name\" content=\"ISG Airport Hotel\" \/>\n<meta property=\"article:modified_time\" content=\"2020-09-09T15:16:55+00:00\" \/>\n<meta name=\"twitter:card\" content=\"summary_large_image\" \/>\n<script type=\"application\/ld+json\" class=\"yoast-schema-graph\">{\"@context\":\"https:\/\/schema.org\",\"@graph\":[{\"@type\":\"WebPage\",\"@id\":\"https:\/\/isgairporthotel.com\/yasal-uyarilar\/\",\"url\":\"https:\/\/isgairporthotel.com\/yasal-uyarilar\/\",\"name\":\"Legal Notices - ISG Airport Hotel\",\"isPartOf\":{\"@id\":\"https:\/\/isgairporthotel.com\/en\/#website\"},\"datePublished\":\"2019-04-26T11:13:29+00:00\",\"dateModified\":\"2020-09-09T15:16:55+00:00\",\"breadcrumb\":{\"@id\":\"https:\/\/isgairporthotel.com\/yasal-uyarilar\/#breadcrumb\"},\"inLanguage\":\"ru-RU\",\"potentialAction\":[{\"@type\":\"ReadAction\",\"target\":[\"https:\/\/isgairporthotel.com\/yasal-uyarilar\/\"]}]},{\"@type\":\"BreadcrumbList\",\"@id\":\"https:\/\/isgairporthotel.com\/yasal-uyarilar\/#breadcrumb\",\"itemListElement\":[{\"@type\":\"ListItem\",\"position\":1,\"name\":\"Home\",\"item\":\"https:\/\/isgairporthotel.com\/ru\/\"},{\"@type\":\"ListItem\",\"position\":2,\"name\":\"Legal Notices\"}]},{\"@type\":\"WebSite\",\"@id\":\"https:\/\/isgairporthotel.com\/en\/#website\",\"url\":\"https:\/\/isgairporthotel.com\/en\/\",\"name\":\"ISG Airport Hotel\",\"description\":\"\",\"potentialAction\":[{\"@type\":\"SearchAction\",\"target\":{\"@type\":\"EntryPoint\",\"urlTemplate\":\"https:\/\/isgairporthotel.com\/en\/?s={search_term_string}\"},\"query-input\":{\"@type\":\"PropertyValueSpecification\",\"valueRequired\":true,\"valueName\":\"search_term_string\"}}],\"inLanguage\":\"ru-RU\"}]}<\/script>\n<!-- \/ Yoast SEO plugin. -->","yoast_head_json":{"title":"Legal Notices - ISG Airport Hotel","robots":{"index":"index","follow":"follow","max-snippet":"max-snippet:-1","max-image-preview":"max-image-preview:large","max-video-preview":"max-video-preview:-1"},"canonical":"https:\/\/isgairporthotel.com\/yasal-uyarilar\/","og_locale":"ru_RU","og_type":"article","og_title":"Legal Notices - ISG Airport Hotel","og_description":"[vc_row][vc_column][vc_row_inner][vc_column_inner width=&#187;1\/6&#8243;][\/vc_column_inner][vc_column_inner width=&#187;2\/3&#8243;][vc_column_text] \u041e\u0424\u0418\u0426\u0418\u0410\u041b\u042c\u041d\u042b\u0415 \u0423\u0412\u0415\u0414\u041e\u041c\u041b\u0415\u041d\u0418\u042f [\/vc_column_text][vc_column_text] \u00a9 \u0418\u0441\u0442\u0430\u043d\u0431\u0443\u043b \u0421\u0430\u0431\u0438\u0445\u0430 \u0413\u0451\u043a\u0447\u0435\u043d \u0423\u043b\u0443\u0441\u043b\u0430\u0440\u0430\u0440\u0430\u0441\u044b \u0425\u0430\u0432\u0430\u043b\u0438\u043c\u0430\u043d\u044b \u042f\u0442\u044b\u0440\u044b\u043c \u042f\u043f\u044b\u043c \u0432\u0435 \u0418\u0448\u043b\u0435\u0442\u043c\u0435 \u0410.\u0428. (\u0130stanbul Sabiha G\u00f6k\u00e7en Uluslararas\u0131 Havaliman\u0131 Yat\u0131r\u0131m Yap\u0131m ve \u0130\u015fletme A.\u015e) (\u201cISG\u201d) SGC \u0425\u0430\u0432\u0430\u043b\u0438\u043c\u0430\u043d\u044b [&hellip;]","og_url":"https:\/\/isgairporthotel.com\/yasal-uyarilar\/","og_site_name":"ISG Airport Hotel","article_modified_time":"2020-09-09T15:16:55+00:00","twitter_card":"summary_large_image","schema":{"@context":"https:\/\/schema.org","@graph":[{"@type":"WebPage","@id":"https:\/\/isgairporthotel.com\/yasal-uyarilar\/","url":"https:\/\/isgairporthotel.com\/yasal-uyarilar\/","name":"Legal Notices - ISG Airport Hotel","isPartOf":{"@id":"https:\/\/isgairporthotel.com\/en\/#website"},"datePublished":"2019-04-26T11:13:29+00:00","dateModified":"2020-09-09T15:16:55+00:00","breadcrumb":{"@id":"https:\/\/isgairporthotel.com\/yasal-uyarilar\/#breadcrumb"},"inLanguage":"ru-RU","potentialAction":[{"@type":"ReadAction","target":["https:\/\/isgairporthotel.com\/yasal-uyarilar\/"]}]},{"@type":"BreadcrumbList","@id":"https:\/\/isgairporthotel.com\/yasal-uyarilar\/#breadcrumb","itemListElement":[{"@type":"ListItem","position":1,"name":"Home","item":"https:\/\/isgairporthotel.com\/ru\/"},{"@type":"ListItem","position":2,"name":"Legal Notices"}]},{"@type":"WebSite","@id":"https:\/\/isgairporthotel.com\/en\/#website","url":"https:\/\/isgairporthotel.com\/en\/","name":"ISG Airport Hotel","description":"","potentialAction":[{"@type":"SearchAction","target":{"@type":"EntryPoint","urlTemplate":"https:\/\/isgairporthotel.com\/en\/?s={search_term_string}"},"query-input":{"@type":"PropertyValueSpecification","valueRequired":true,"valueName":"search_term_string"}}],"inLanguage":"ru-RU"}]}},"_links":{"self":[{"href":"https:\/\/isgairporthotel.com\/ru\/wp-json\/wp\/v2\/pages\/9229","targetHints":{"allow":["GET"]}}],"collection":[{"href":"https:\/\/isgairporthotel.com\/ru\/wp-json\/wp\/v2\/pages"}],"about":[{"href":"https:\/\/isgairporthotel.com\/ru\/wp-json\/wp\/v2\/types\/page"}],"author":[{"embeddable":true,"href":"https:\/\/isgairporthotel.com\/ru\/wp-json\/wp\/v2\/users\/16"}],"replies":[{"embeddable":true,"href":"https:\/\/isgairporthotel.com\/ru\/wp-json\/wp\/v2\/comments?post=9229"}],"version-history":[{"count":3,"href":"https:\/\/isgairporthotel.com\/ru\/wp-json\/wp\/v2\/pages\/9229\/revisions"}],"predecessor-version":[{"id":11350,"href":"https:\/\/isgairporthotel.com\/ru\/wp-json\/wp\/v2\/pages\/9229\/revisions\/11350"}],"wp:attachment":[{"href":"https:\/\/isgairporthotel.com\/ru\/wp-json\/wp\/v2\/media?parent=9229"}],"curies":[{"name":"wp","href":"https:\/\/api.w.org\/{rel}","templated":true}]}}